{"id":250576,"date":"2016-01-25T16:24:09","date_gmt":"2016-01-25T16:24:09","guid":{"rendered":"https:\/\/www.lageria.com\/producto\/manto-malvasia-volcanica-semidulce-75-cl\/"},"modified":"2016-01-25T16:24:09","modified_gmt":"2016-01-25T16:24:09","slug":"manto-malvasia-volcanica-semidulce-75-cl","status":"publish","type":"product","link":"https:\/\/www.lageria.com\/fr\/producto\/manto-malvasia-volcanica-semidulce-75-cl\/","title":{"rendered":"Manto Malvas\u00eda Volc\u00e1nica Semidulce 75 cl."},"content":{"rendered":"","protected":false},"excerpt":{"rendered":"<p>La uva Malvas\u00eda Volc\u00e1nica, que se encuentra en laderas y valles de los volcanes, se vendimia manualmente una vez tenga la madurez deseada. Se realiza una selecci\u00f3n rigurosa de la uva de calidad y posteriormente, una maceraci\u00f3n pre-fermentativa con el fin de extraer la mayor cantidad de aromas varietales posibles.<\/p>\n","protected":false},"featured_media":231587,"comment_status":"closed","ping_status":"closed","template":"","meta":[],"product_brand":[],"product_cat":[245,247],"product_tag":[],"class_list":{"0":"post-250576","1":"product","2":"type-product","3":"status-publish","4":"has-post-thumbnail","6":"product_cat-tienda-online-2","7":"product_cat-vinos-dulces-2","9":"first","10":"instock","11":"shipping-taxable","12":"purchasable","13":"product-type-simple"},"_links":{"self":[{"href":"https:\/\/www.lageria.com\/fr\/wp-json\/wp\/v2\/product\/250576","targetHints":{"allow":["GET"]}}],"collection":[{"href":"https:\/\/www.lageria.com\/fr\/wp-json\/wp\/v2\/product"}],"about":[{"href":"https:\/\/www.lageria.com\/fr\/wp-json\/wp\/v2\/types\/product"}],"replies":[{"embeddable":true,"href":"https:\/\/www.lageria.com\/fr\/wp-json\/wp\/v2\/comments?post=250576"}],"wp:featuredmedia":[{"embeddable":true,"href":"https:\/\/www.lageria.com\/fr\/wp-json\/wp\/v2\/media\/231587"}],"wp:attachment":[{"href":"https:\/\/www.lageria.com\/fr\/wp-json\/wp\/v2\/media?parent=250576"}],"wp:term":[{"taxonomy":"product_brand","embeddable":true,"href":"https:\/\/www.lageria.com\/fr\/wp-json\/wp\/v2\/product_brand?post=250576"},{"taxonomy":"product_cat","embeddable":true,"href":"https:\/\/www.lageria.com\/fr\/wp-json\/wp\/v2\/product_cat?post=250576"},{"taxonomy":"product_tag","embeddable":true,"href":"https:\/\/www.lageria.com\/fr\/wp-json\/wp\/v2\/product_tag?post=250576"}],"curies":[{"name":"wp","href":"https:\/\/api.w.org\/{rel}","templated":true}]}}