{"id":250569,"date":"2019-10-03T16:03:34","date_gmt":"2019-10-03T16:03:34","guid":{"rendered":"https:\/\/www.lageria.com\/producto\/la-geria-vin-rouge-biologique-75-cl\/"},"modified":"2019-10-03T16:03:34","modified_gmt":"2019-10-03T15:03:34","slug":"la-geria-vin-rouge-biologique-75-cl","status":"publish","type":"product","link":"https:\/\/www.lageria.com\/fr\/producto\/la-geria-vin-rouge-biologique-75-cl\/","title":{"rendered":"La Geria Vin rouge biologique 75 cl"},"content":{"rendered":"","protected":false},"excerpt":{"rendered":"<p>Vin rouge biologique \u00e9labor\u00e9 \u00e0 partir de raisins r\u00e9colt\u00e9s sur notre propre domaine.<\/p>\n","protected":false},"featured_media":231626,"comment_status":"open","ping_status":"closed","template":"","meta":[],"product_brand":[],"product_cat":[245,273],"product_tag":[],"class_list":{"0":"post-250569","1":"product","2":"type-product","3":"status-publish","4":"has-post-thumbnail","6":"product_cat-tienda-online-2","7":"product_cat-vinos-tintos","9":"first","10":"instock","11":"shipping-taxable","12":"purchasable","13":"product-type-simple"},"_links":{"self":[{"href":"https:\/\/www.lageria.com\/fr\/wp-json\/wp\/v2\/product\/250569","targetHints":{"allow":["GET"]}}],"collection":[{"href":"https:\/\/www.lageria.com\/fr\/wp-json\/wp\/v2\/product"}],"about":[{"href":"https:\/\/www.lageria.com\/fr\/wp-json\/wp\/v2\/types\/product"}],"replies":[{"embeddable":true,"href":"https:\/\/www.lageria.com\/fr\/wp-json\/wp\/v2\/comments?post=250569"}],"wp:featuredmedia":[{"embeddable":true,"href":"https:\/\/www.lageria.com\/fr\/wp-json\/wp\/v2\/media\/231626"}],"wp:attachment":[{"href":"https:\/\/www.lageria.com\/fr\/wp-json\/wp\/v2\/media?parent=250569"}],"wp:term":[{"taxonomy":"product_brand","embeddable":true,"href":"https:\/\/www.lageria.com\/fr\/wp-json\/wp\/v2\/product_brand?post=250569"},{"taxonomy":"product_cat","embeddable":true,"href":"https:\/\/www.lageria.com\/fr\/wp-json\/wp\/v2\/product_cat?post=250569"},{"taxonomy":"product_tag","embeddable":true,"href":"https:\/\/www.lageria.com\/fr\/wp-json\/wp\/v2\/product_tag?post=250569"}],"curies":[{"name":"wp","href":"https:\/\/api.w.org\/{rel}","templated":true}]}}