{"id":240340,"date":"2025-11-12T12:46:50","date_gmt":"2025-11-12T12:46:50","guid":{"rendered":"https:\/\/www.lageria.com\/producto\/visites-guidees-francais\/"},"modified":"2026-04-17T03:36:34","modified_gmt":"2026-04-17T02:36:34","slug":"visites-guidees-francais","status":"publish","type":"product","link":"https:\/\/www.lageria.com\/fr\/producto\/visites-guidees-francais\/","title":{"rendered":"Visites guid\u00e9es FRA"},"content":{"rendered":"<p>Notre visite guid\u00e9e dure 1 heure. Elle consiste en une promenade \u00e0 travers notre vignoble et notre cave, et se termine par une d\u00e9gustation de trois vins.<\/p>\n","protected":false},"excerpt":{"rendered":"<p>Notre visite guid\u00e9e dure 1 heure. Elle consiste en une promenade \u00e0 travers notre vignoble et notre cave, et se termine par une d\u00e9gustation de trois vins.<\/p>\n","protected":false},"featured_media":0,"comment_status":"open","ping_status":"closed","template":"","meta":[],"product_brand":[],"product_cat":[265],"product_tag":[],"class_list":{"0":"post-240340","1":"product","2":"type-product","3":"status-publish","5":"product_cat-evenement","7":"first","8":"instock","9":"virtual","10":"purchasable","11":"product-type-simple"},"_links":{"self":[{"href":"https:\/\/www.lageria.com\/fr\/wp-json\/wp\/v2\/product\/240340","targetHints":{"allow":["GET"]}}],"collection":[{"href":"https:\/\/www.lageria.com\/fr\/wp-json\/wp\/v2\/product"}],"about":[{"href":"https:\/\/www.lageria.com\/fr\/wp-json\/wp\/v2\/types\/product"}],"replies":[{"embeddable":true,"href":"https:\/\/www.lageria.com\/fr\/wp-json\/wp\/v2\/comments?post=240340"}],"wp:attachment":[{"href":"https:\/\/www.lageria.com\/fr\/wp-json\/wp\/v2\/media?parent=240340"}],"wp:term":[{"taxonomy":"product_brand","embeddable":true,"href":"https:\/\/www.lageria.com\/fr\/wp-json\/wp\/v2\/product_brand?post=240340"},{"taxonomy":"product_cat","embeddable":true,"href":"https:\/\/www.lageria.com\/fr\/wp-json\/wp\/v2\/product_cat?post=240340"},{"taxonomy":"product_tag","embeddable":true,"href":"https:\/\/www.lageria.com\/fr\/wp-json\/wp\/v2\/product_tag?post=240340"}],"curies":[{"name":"wp","href":"https:\/\/api.w.org\/{rel}","templated":true}]}}