{"id":250584,"date":"2019-09-27T03:12:04","date_gmt":"2019-09-27T02:12:04","guid":{"rendered":"https:\/\/www.lageria.com\/terminos-y-condiciones\/"},"modified":"2026-04-16T19:53:36","modified_gmt":"2026-04-16T18:53:36","slug":"terminos-y-condiciones","status":"publish","type":"page","link":"https:\/\/www.lageria.com\/fr\/terminos-y-condiciones\/","title":{"rendered":"T\u00e9rminos y condiciones"},"content":{"rendered":"<p><strong>Informaci\u00f3n<\/strong><\/p>\n<p>En cumplimiento de la Ley 34\/2002, de 11 de julio, de Servicios de la Sociedad de la Informaci\u00f3n y de Comercio Electr\u00f3nico, ponemos en su conocimiento los siguientes datos de la empresa BODEGA LA GERIA, S.L.:<\/p>\n<p>CIF: A35026590<\/p>\n<p>Domicilio social: Avenida de las Playas n\u00ba 49 en Puerto del Carmen en Las Palmas de Gran Canaria.<\/p>\n<p>Registro Mercantil de Las Palmas. Tomo: 1141, Folio: 144, \u00a0Hoja: 9573.<\/p>\n<p><strong>Objeto<\/strong><\/p>\n<p>El presente documento tiene por objeto regular el uso de esta p\u00e1gina web (en adelante denominado como Web) que la empresa BODEGA LA GERIA, S.L. pone a disposici\u00f3n del p\u00fablico en la siguiente URL:\u00a0www.la geria.com<\/p>\n<p>La utilizaci\u00f3n del Web por un tercero le atribuye la condici\u00f3n de Usuario y, supone la aceptaci\u00f3n plena del Usuario de todas y cada una de las Condiciones que se incorporan en el presente Aviso Legal.<\/p>\n<p>La empresa BODEGA LA GERIA, S.L. puede ofrecer a trav\u00e9s del Web, servicios que podr\u00e1n someterse a unas condiciones particulares sobre las cuales se informar\u00e1 al Usuario en cada servicio concreto.<\/p>\n<p>La empresa BODEGA LA GERIA, S.L. se compromete a velar por la exactitud y actualidad del contenido del sitio web. Sin perjuicio de la asunci\u00f3n de este compromiso, la empresa BODEGA LA GERIA, S.L. no est\u00e1 en posici\u00f3n de ofrecer, ni ofrece garant\u00eda respecto a la exactitud de la informaci\u00f3n de cualquier tipo recogida en el sitio web y que por error u omisi\u00f3n sea incorrecta o haya podido quedar anticuada. Con el objetivo de minimizar los inconvenientes ocasionados por posibles errores se recomienda la utilizaci\u00f3n de \u00e9stos como orientativos.<\/p>\n<p>A fin de facilitar a los usuarios los derechos que tienen reconocidos legalmente, \u00e9stos podr\u00e1n contactar con la empresa a trav\u00e9s de correo en la siguiente direcci\u00f3n: Avenida de las Playas n\u00ba 49 en Puerto del Carmen en Las Palmas de Gran Canaria o a trav\u00e9s del siguiente correo electr\u00f3nico:\u00a0html.test\/<\/p>\n<p><strong>Uso correcto del sitio web<\/strong><\/p>\n<p>El Usuario se compromete a utilizar el Web, los contenidos y servicios de conformidad con la Ley, el presente Aviso Legal, las buenas costumbres y el orden p\u00fablico. Del mismo modo el Usuario se obliga a no utilizar el Web o los servicios que se presten a trav\u00e9s de \u00e9l con fines o efectos il\u00edcitos o contrarios al contenido del presente Aviso Legal, lesivos de los intereses o derechos de terceros, o que de cualquier forma pueda da\u00f1ar, inutilizar o deteriorar el Web o sus servicios o impedir un normal disfrute del Web por otros Usuarios.<\/p>\n<p>Asimismo, el Usuario se compromete expresamente a no destruir, alterar, inutilizar o, de cualquier otra forma, da\u00f1ar los datos, programas o documentos electr\u00f3nicos y dem\u00e1s que se encuentren en la Web de El Usuario se compromete a utilizar el Web, los contenidos y servicios de conformidad con la Ley, el presente Aviso Legal, las buenas costumbres y el orden p\u00fablico. Del mismo modo el Usuario se obliga a no utilizar el Web o los servicios que se presten a trav\u00e9s de \u00e9l con fines o efectos il\u00edcitos o contrarios al contenido del presente Aviso Legal, lesivos de los intereses o derechos de terceros, o que de cualquier forma pueda da\u00f1ar, inutilizar o deteriorar el Web o sus servicios o impedir un normal disfrute del Web por otros Usuarios.<\/p>\n<p>Asimismo, el Usuario se compromete expresamente a no destruir, alterar, inutilizar o, de cualquier otra forma, da\u00f1ar los datos, programas o documentos electr\u00f3nicos y dem\u00e1s que se encuentren en el Web de la empresa BODEGA LA GERIA, S.L.<\/p>\n<p>El Usuario se compromete a no obstaculizar el acceso de otros usuarios al servicio de acceso mediante el consumo masivo de los recursos inform\u00e1ticos a trav\u00e9s de los cuales la empresa BODEGA LA GERIA, S.L. presta el servicio, as\u00ed como realizar acciones que da\u00f1en, interrumpan o generen errores en dichos sistemas.<\/p>\n<p>El Usuario se compromete a no introducir programas, virus, macros, applets, controles ActiveX o cualquier otro dispositivo l\u00f3gico o secuencia de caracteres que causen o sean susceptibles de causar cualquier tipo de alteraci\u00f3n en los sistemas inform\u00e1ticos de la empresa BODEGA LA GERIA, S.L. o de terceros.<\/p>\n<p>El Usuario se compromete a no obtener informaciones, mensajes, gr\u00e1ficos, dibujos, archivos de sonido y\/o imagen, fotograf\u00edas, grabaciones, software y en general, cualquier clase de material accesible a trav\u00e9s del Web o de los servicios ofrecidos en el mismo.<\/p>\n<p><strong>Propiedad Intelectual<\/strong><\/p>\n<p>Todos los contenidos del Web, salvo que se indique lo contrario, son titularidad exclusiva de la empresa BODEGA LA GERIA, S.L. y, con car\u00e1cter enunciativo, que no limitativo, el dise\u00f1o gr\u00e1fico, c\u00f3digo fuente, logos, textos, ilustraciones, fotograf\u00edas, y dem\u00e1s elementos que aparecen en la Web.<\/p>\n<p>Igualmente, todos los nombres comerciales, marcas o signos distintivos de cualquier clase contenidos en el Web est\u00e1n protegidos por la Ley.<\/p>\n<p>La empresa BODEGA LA GERIA, S.L. no concede ning\u00fan tipo de licencia o autorizaci\u00f3n de uso personal al Usuario sobre sus derechos de propiedad intelectual e industrial o sobre cualquier otro derecho relacionado con su Web y los servicios ofrecidos en la misma.<\/p>\n<p>Por ello, el Usuario reconoce que la reproducci\u00f3n, distribuci\u00f3n, comercializaci\u00f3n o transformaci\u00f3n no autorizadas de los elementos indicados en los apartados anteriores constituye una infracci\u00f3n de los derechos de propiedad intelectual y\/o industrial de la empresa BODEGA LA GERIA, S.L. o del titular de los mismos.<\/p>\n<p><strong>R\u00e9gimen de responsabilidad.<\/strong><\/p>\n<p>Responsabilidad por el Uso del Web El Usuario es el \u00fanico responsable de las infracciones en las que pueda incurrir o de los perjuicios que pueda causar o causarse por la utilizaci\u00f3n del Web, quedando la empresa BODEGA LA GERIA, S.L., exonerado de cualquier clase de responsabilidad que se pudiera derivar por las acciones del Usuario. El Usuario es el \u00fanico responsable frente a cualquier reclamaci\u00f3n o acci\u00f3n legal, judicial o extrajudicial, iniciada por terceras personas contra la empresa BODEGA LA GERIA, S.L. basada en la utilizaci\u00f3n por el Usuario del Web. En su caso, el Usuario asumir\u00e1 cuantos gastos, costes e indemnizaciones sean irrogados a la empresa BODEGA LA GERIA, S.L. con motivo de tales reclamaciones o acciones legales.<\/p>\n<p>Responsabilidad por links: La empresa BODEGA LA GERIA, S.L. declina toda responsabilidad respecto a la informaci\u00f3n que se halle fuera del Web ya que la funci\u00f3n de los links que aparecen es \u00fanicamente la de informar al Usuario sobre la existencia de otras fuentes de informaci\u00f3n sobre un tema en concreto. La empresa BODEGA LA GERIA, S.L. se exonera de toda responsabilidad por el correcto funcionamiento de tales enlaces, del resultado obtenido a trav\u00e9s de dichos enlaces, de la veracidad y licitud del contenido o informaci\u00f3n a la que se puede acceder as\u00ed como de los perjuicios que pueda sufrir en virtud de la informaci\u00f3n encontrada en la web enlazada.<\/p>\n<p><strong>Pol\u00edtica de datos personales<\/strong><\/p>\n<p>A trav\u00e9s de formularios:<\/p>\n<p>Sin perjuicio de lo previsto en lo indicado en cada uno de los formularios de la Web, cuando el Usuario facilite sus datos de car\u00e1cter personal en alguno de los formularios del Web, est\u00e1 autorizando expresamente a la empresa BODEGA LA GERIA, S.L. al tratamiento automatizado de sus Datos Personales para las finalidades que en los mismos se indiquen.<\/p>\n<p>La empresa BODEGA LA GERIA, S.L. incorporar\u00e1 los datos facilitados por el Usuario en el fichero titularidad de la empresa correspondiente debidamente comunicado a la Agencia de Protecci\u00f3n de Datos.<\/p>\n<p>La empresa BODEGA LA GERIA, S.L. no ceder\u00e1 o comunicar\u00e1 a terceros ajenos a la empresa BODEGA LA GERIA, S.L. los datos recabados a no ser que el Usuario haya dado su consentimiento.<\/p>\n<p>El Usuario podr\u00e1 ejercitar sus derechos de acceso, rectificaci\u00f3n, cancelaci\u00f3n u oposici\u00f3n, mediante el env\u00edo de una carta con acuse de recibo, al domicilio indicado en el presente \u201cAviso Legal\u201d.<\/p>\n<p>El usuario ser\u00e1 el \u00fanico responsable a causa de la cumplimentaci\u00f3n de los formularios con datos falsos, inexactos, incompletos o no actualizados. Se advierte al Usuario que esta Web utiliza cookies. Los cookies son peque\u00f1os ficheros de datos que se generan en el ordenador del usuario y que nos permiten conocer la siguiente informaci\u00f3n:<\/p>\n<p>La fecha y hora de la \u00faltima vez que el usuario visit\u00f3 nuestra web.<\/p>\n<p>El dise\u00f1o de contenidos que el usuario escogi\u00f3 en su primera visita a nuestro web.<\/p>\n<p>Elementos de seguridad que interviene en le control de acceso a las \u00e1reas restringidas<\/p>\n<p><strong>Otros datos<\/strong><\/p>\n<p>El Usuario tiene la opci\u00f3n de impedir la generaci\u00f3n de cookies, mediante la selecci\u00f3n de la correspondiente opci\u00f3n en su programa Navegador.<\/p>\n<p>Los curr\u00edculos remitidos por esta v\u00eda se entienden autorizados por el usuario para su gesti\u00f3n con las siguientes caracter\u00edsticas:<\/p>\n<p>En cumplimiento de la Ley Org\u00e1nica 15\/1999 de Protecci\u00f3n de Datos de Car\u00e1cter personal, le informamos de que sus datos forman parte de un fichero titularidad de BODEGA LA GERIA, S.L., \u00a0con el objeto de formar parte de actuales o futuros procesos de selecci\u00f3n, proyectos de empleo, subvenciones y formaci\u00f3n.<\/p>\n<p>La empresa BODEGA LA GERIA, S.L. queda autorizada mediante el presente documento a la cesi\u00f3n de los datos personales al Servicio Canario de Empleo u otras administraciones o entidades con el objeto de solicitar subvenciones, proyectos de empleo, selecci\u00f3n, formaci\u00f3n y comunicaci\u00f3n<\/p>\n<p>As\u00ed mismo le comunicamos que cualquier cambio que efect\u00fae en sus datos personales nos los deber\u00e1 transmitir con el objeto de mantener actualizados nuestros archivos.<\/p>\n<p>Si desea ejercitar sus derechos de acceso, rectificaci\u00f3n, cancelaci\u00f3n u oposici\u00f3n, puede hacerlo enviando una solicitud por escrito a: Avenida de las Playas n\u00ba 49 en Puerto del Carmen en Las Palmas de Gran Canaria indicando en el sobre \u201cProtecci\u00f3n de datos\u201d.<\/p>\n<p>Legislaci\u00f3n aplicable<\/p>\n<p>Cualquier controversia surgida de la interpretaci\u00f3n o ejecuci\u00f3n del presente Aviso Legal se interpretar\u00e1 bajo la legislaci\u00f3n espa\u00f1ola.<\/p>\n<p>Asimismo, la empresa BODEGA LA GERIA, S.L. y el Usuario, con renuncia a cualquier otro fuero, se someten al de los juzgados y tribunales del domicilio de la empresa BODEGA LA GERIA, S.L. para cualquier controversia que pudiera surgir<\/p>\n","protected":false},"excerpt":{"rendered":"<p>Informaci\u00f3n En cumplimiento de la Ley 34\/2002, de 11 de julio, de Servicios de la Sociedad de la Informaci\u00f3n y de Comercio Electr\u00f3nico, ponemos en su conocimiento los siguientes datos de la empresa BODEGA LA GERIA, S.L.: CIF: A35026590 Domicilio social: Avenida de las Playas n\u00ba 49 en Puerto del Carmen en Las Palmas de [&#8230;]\n","protected":false},"author":1202,"featured_media":0,"parent":0,"menu_order":0,"comment_status":"closed","ping_status":"closed","template":"","meta":{"footnotes":""},"class_list":["post-250584","page","type-page","status-publish","hentry"],"_links":{"self":[{"href":"https:\/\/www.lageria.com\/fr\/wp-json\/wp\/v2\/pages\/250584","targetHints":{"allow":["GET"]}}],"collection":[{"href":"https:\/\/www.lageria.com\/fr\/wp-json\/wp\/v2\/pages"}],"about":[{"href":"https:\/\/www.lageria.com\/fr\/wp-json\/wp\/v2\/types\/page"}],"author":[{"embeddable":true,"href":"https:\/\/www.lageria.com\/fr\/wp-json\/wp\/v2\/users\/1202"}],"replies":[{"embeddable":true,"href":"https:\/\/www.lageria.com\/fr\/wp-json\/wp\/v2\/comments?post=250584"}],"version-history":[{"count":1,"href":"https:\/\/www.lageria.com\/fr\/wp-json\/wp\/v2\/pages\/250584\/revisions"}],"predecessor-version":[{"id":250587,"href":"https:\/\/www.lageria.com\/fr\/wp-json\/wp\/v2\/pages\/250584\/revisions\/250587"}],"wp:attachment":[{"href":"https:\/\/www.lageria.com\/fr\/wp-json\/wp\/v2\/media?parent=250584"}],"curies":[{"name":"wp","href":"https:\/\/api.w.org\/{rel}","templated":true}]}}