{"id":238212,"date":"2024-09-30T17:16:09","date_gmt":"2024-09-30T16:16:09","guid":{"rendered":"https:\/\/www.lageria.com\/?page_id=238212"},"modified":"2025-10-31T02:05:37","modified_gmt":"2025-10-31T01:05:37","slug":"bodega-la-geria","status":"publish","type":"page","link":"https:\/\/www.lageria.com\/fr\/bodega-la-geria\/","title":{"rendered":"Bodega La Geria"},"content":{"rendered":"\n  <div class=\"banner has-hover has-parallax\" id=\"banner-1899537765\">\n          <div class=\"banner-inner fill\">\n        <div class=\"banner-bg fill\" data-parallax=\"-3\" data-parallax-container=\".banner\" data-parallax-background>\n                                    <div class=\"overlay\"><\/div>            \n                    <\/div>\n\t\t\n        <div class=\"banner-layers container\">\n            <div class=\"fill banner-link\"><\/div>            \n   <div id=\"text-box-1960981592\" class=\"text-box banner-layer x50 md-x50 lg-x50 y35 md-y35 lg-y35 res-text\">\n                                <div class=\"text-box-content text dark\">\n              \n              <div class=\"text-inner text-center\">\n                  \n<h1 class=\"lead\">Nosotros<\/h1>\n<p class=\"lead\">Donde la tradici\u00f3n vin\u00edcola del siglo XIX se fusiona con la tecnolog\u00eda moderna.<\/p>\n              <\/div>\n           <\/div>\n                            \n<style>\n#text-box-1960981592 {\n  width: 60%;\n}\n#text-box-1960981592 .text-box-content {\n  font-size: 100%;\n}\n<\/style>\n    <\/div>\n \n        <\/div>\n      <\/div>\n\n            \n<style>\n#banner-1899537765 {\n  padding-top: 507px;\n}\n#banner-1899537765 .overlay {\n  background-color: rgba(0, 0, 0, 0.49);\n}\n<\/style>\n  <\/div>\n\n\n\n\t<section class=\"section\" id=\"section_1961418074\">\n\t\t<div class=\"section-bg fill\" >\n\t\t\t\t\t\t\t\t\t\n\t\t\t\n\n\t\t<\/div>\n\n\t\t\n\n\t\t<div class=\"section-content relative\">\n\t\t\t\n\t<div id=\"gap-125390341\" class=\"gap-element clearfix\" style=\"display:block; height:auto;\">\n\t\t\n<style>\n#gap-125390341 {\n  padding-top: 30px;\n}\n<\/style>\n\t<\/div>\n\t\n\t\t<\/div>\n\n\t\t\n<style>\n#section_1961418074 {\n  padding-top: 35px;\n  padding-bottom: 35px;\n  background-color: rgb(255,255,255);\n}\n@media (min-width:850px) {\n  #section_1961418074 {\n    padding-top: 0px;\n    padding-bottom: 0px;\n  }\n}\n<\/style>\n\t<\/section>\n\t\n\n\t<section class=\"section\" id=\"section_923714044\">\n\t\t<div class=\"section-bg fill\" >\n\t\t\t\t\t\t\t\t\t\n\t\t\t\n\n\t\t<\/div>\n\n\t\t\n\n\t\t<div class=\"section-content relative\">\n\t\t\t\n<div class=\"row row-collapse row-full-width align-middle\"  id=\"row-1065460141\">\n\n\t<div id=\"col-1956189257\" class=\"col medium-12 small-12 large-6 medium-col-first\"  >\n\t\t\t\t<div class=\"col-inner\"  >\n\t\t\t\n\t\t\t\n\n  <div class=\"banner has-hover\" id=\"banner-1774390510\">\n          <div class=\"banner-inner fill\">\n        <div class=\"banner-bg fill\" >\n                                                \n                    <\/div>\n\t\t\n        <div class=\"banner-layers container\">\n            <div class=\"fill banner-link\"><\/div>            \n   <div id=\"text-box-1664984168\" class=\"text-box banner-layer x50 md-x50 lg-x50 y50 md-y50 lg-y50 res-text\">\n                                <div class=\"text-box-content text dark\">\n              \n              <div class=\"text-inner text-center\">\n                  \n              <\/div>\n           <\/div>\n                            \n<style>\n#text-box-1664984168 {\n  width: 60%;\n}\n#text-box-1664984168 .text-box-content {\n  font-size: 100%;\n}\n@media (min-width:550px) {\n  #text-box-1664984168 {\n    width: 60%;\n  }\n}\n<\/style>\n    <\/div>\n \n        <\/div>\n      <\/div>\n\n            \n<style>\n#banner-1774390510 {\n  padding-top: 300px;\n  background-color: rgb(0,0,0);\n}\n#banner-1774390510 .banner-bg img {\n  object-position: 50% 0%;\n}\n@media (min-width:550px) {\n  #banner-1774390510 {\n    padding-top: 400px;\n  }\n}\n@media (min-width:850px) {\n  #banner-1774390510 {\n    padding-top: 700px;\n  }\n}\n<\/style>\n  <\/div>\n\n\n\t\t<\/div>\n\t\t\t\t\t<\/div>\n\n\t\n\n\t<div id=\"col-383471072\" class=\"col medium-12 small-12 large-6\"  >\n\t\t\t\t<div class=\"col-inner text-left\"  >\n\t\t\t\n\t\t\t\n<div class=\"row align-center\"  id=\"row-1548979055\">\n\n\t<div id=\"col-1091511195\" class=\"col medium-10 small-10 large-10\"  >\n\t\t\t\t<div class=\"col-inner\"  >\n\t\t\t\n\t\t\t\n<div class=\"is-divider divider clearfix\" style=\"max-width:100px;height:4px;background-color:rgb(221, 51, 51);\"><\/div>\n\t<div id=\"text-2443766665\" class=\"text\">\n\t\t\n<h1 class=\"uppercase\">Historia y Tradici\u00f3n<\/h1>\n\t\t\n<style>\n#text-2443766665 {\n  font-size: 1.5rem;\n  color: rgb(0,0,0);\n}\n#text-2443766665 > * {\n  color: rgb(0,0,0);\n}\n@media (min-width:550px) {\n  #text-2443766665 {\n    font-size: 2.25rem;\n  }\n}\n<\/style>\n\t<\/div>\n\t\n<p>La Bodega La Geria fue fundada a finales del siglo XIX por la familia Rijo, quienes establecieron los cimientos de lo que hoy es una de las bodegas m\u00e1s ic\u00f3nicas de Lanzarote. En 1993, la familia Meli\u00e1n adquiri\u00f3 la bodega, y desde entonces, han logrado combinar a la perfecci\u00f3n las antiguas tradiciones vitivin\u00edcolas con la incorporaci\u00f3n de las tecnolog\u00edas m\u00e1s avanzadas para garantizar la m\u00e1s alta calidad en sus vinos. Este equilibrio entre lo antiguo y lo moderno ha permitido a la bodega mantenerse a la vanguardia de la producci\u00f3n vin\u00edcola en la regi\u00f3n, respetando siempre los m\u00e9todos tradicionales que la han distinguido desde su origen.<\/p>\n\t<div id=\"gap-601521216\" class=\"gap-element clearfix\" style=\"display:block; height:auto;\">\n\t\t\n<style>\n#gap-601521216 {\n  padding-top: 10px;\n}\n<\/style>\n\t<\/div>\n\t\n<a href=\"\/contacto\" class=\"button alert\" style=\"padding:5px 30px 5px 30px;\">\n\t\t<span>CONTACTAR<\/span>\n\t<\/a>\n\n\t<div id=\"gap-1524368354\" class=\"gap-element clearfix\" style=\"display:block; height:auto;\">\n\t\t\n<style>\n#gap-1524368354 {\n  padding-top: 0px;\n}\n@media (min-width:550px) {\n  #gap-1524368354 {\n    padding-top: 30px;\n  }\n}\n<\/style>\n\t<\/div>\n\t\n\t\t<\/div>\n\t\t\t\t\t<\/div>\n\n\t\n\n<style>\n#row-1548979055 > .col > .col-inner {\n  padding: 20px 0px 20px 0px;\n}\n@media (min-width:550px) {\n  #row-1548979055 > .col > .col-inner {\n    padding: 60px 0px 60px 0px;\n  }\n}\n@media (min-width:850px) {\n  #row-1548979055 > .col > .col-inner {\n    padding: 60px 0px 40px 0px;\n  }\n}\n<\/style>\n<\/div>\n\t\t<\/div>\n\t\t\t\t\t<\/div>\n\n\t\n<\/div>\n\t\t<\/div>\n\n\t\t\n<style>\n#section_923714044 {\n  padding-top: 0px;\n  padding-bottom: 0px;\n  background-color: rgb(255,255,255);\n}\n<\/style>\n\t<\/section>\n\t\n\n\t<section class=\"section dark\" id=\"section_424602816\">\n\t\t<div class=\"section-bg fill\" >\n\t\t\t\t\t\t\t\t\t\n\t\t\t\n\n\t\t<\/div>\n\n\t\t\n\n\t\t<div class=\"section-content relative\">\n\t\t\t\n<div class=\"row\"  id=\"row-52000129\">\n\n\t<div id=\"col-465469342\" class=\"col small-12 large-12\"  >\n\t\t\t\t<div class=\"col-inner text-center\"  >\n\t\t\t\n\t\t\t\n\t<div id=\"gap-1851389943\" class=\"gap-element clearfix\" style=\"display:block; height:auto;\">\n\t\t\n<style>\n#gap-1851389943 {\n  padding-top: 35px;\n}\n<\/style>\n\t<\/div>\n\t\n<div class=\"is-divider divider clearfix\" style=\"max-width:100px;height:4px;background-color:rgb(255, 255, 255);\"><\/div>\n\t<div id=\"text-4182150848\" class=\"text\">\n\t\t\n<h2 class=\"uppercase\">Subscribete a nuestras visitas guiadas<\/h2>\n\t\t\n<style>\n#text-4182150848 {\n  font-size: 1.5rem;\n  text-align: center;\n}\n<\/style>\n\t<\/div>\n\t\n<a class=\"button white\" style=\"padding:5px 30px 5px 30px;\">\n\t\t<span>VER VISITAS GUIADAS<\/span>\n\t<\/a>\n\n\t\t<\/div>\n\t\t\t\t\t<\/div>\n\n\t\n<\/div>\n\t\t<\/div>\n\n\t\t\n<style>\n#section_424602816 {\n  padding-top: 30px;\n  padding-bottom: 30px;\n  background-color: #dd3333;\n}\n<\/style>\n\t<\/section>\n\t\n\n\t<section class=\"section\" id=\"section_1890646750\">\n\t\t<div class=\"section-bg fill\" >\n\t\t\t\t\t\t\t\t\t\n\t\t\t\n\n\t\t<\/div>\n\n\t\t\n\n\t\t<div class=\"section-content relative\">\n\t\t\t\n<div class=\"row row-collapse row-full-width align-middle\"  id=\"row-431111935\">\n\n\t<div id=\"col-472809670\" class=\"col medium-12 small-12 large-6\"  >\n\t\t\t\t<div class=\"col-inner text-left\"  >\n\t\t\t\n\t\t\t\n<div class=\"row align-center\"  id=\"row-1812305862\">\n\n\t<div id=\"col-132329165\" class=\"col medium-10 small-10 large-10\"  >\n\t\t\t\t<div class=\"col-inner\"  >\n\t\t\t\n\t\t\t\n<div class=\"is-divider divider clearfix\" style=\"max-width:100px;height:4px;background-color:rgb(221, 51, 51);\"><\/div>\n\t<div id=\"text-1371739899\" class=\"text\">\n\t\t\n<h1 class=\"uppercase\">Ubicaci\u00f3n y Experiencia<\/h1>\n\t\t\n<style>\n#text-1371739899 {\n  font-size: 1.5rem;\n  color: rgb(0,0,0);\n}\n#text-1371739899 > * {\n  color: rgb(0,0,0);\n}\n@media (min-width:550px) {\n  #text-1371739899 {\n    font-size: 2.25rem;\n  }\n}\n<\/style>\n\t<\/div>\n\t\n<p>Situada en el coraz\u00f3n de La Geria, una de las zonas vitivin\u00edcolas m\u00e1s importantes de Lanzarote, la Bodega La Geria ofrece a sus visitantes una experiencia inolvidable. Su privilegiada ubicaci\u00f3n permite disfrutar de espectaculares vistas panor\u00e1micas de los vi\u00f1edos, plantados en hoyos excavados en la arena volc\u00e1nica y rodeados de un manto de ceniza que crea un paisaje \u00fanico. Adem\u00e1s, desde la bodega, es posible contemplar los impresionantes volcanes del Parque Nacional de Timanfaya. Los visitantes no solo podr\u00e1n maravillarse con el entorno natural, sino tambi\u00e9n disfrutar de catas de vino y relajarse en el bar-cafeter\u00eda, donde podr\u00e1n saborear la esencia de Lanzarote en cada copa.<\/p>\n\t<div id=\"gap-1343670094\" class=\"gap-element clearfix\" style=\"display:block; height:auto;\">\n\t\t\n<style>\n#gap-1343670094 {\n  padding-top: 10px;\n}\n<\/style>\n\t<\/div>\n\t\n<a href=\"\/contacto\" class=\"button alert\" style=\"padding:5px 30px 5px 30px;\">\n\t\t<span>Saber m\u00e1s<\/span>\n\t<\/a>\n\n\t<div id=\"gap-1031480370\" class=\"gap-element clearfix\" style=\"display:block; height:auto;\">\n\t\t\n<style>\n#gap-1031480370 {\n  padding-top: 0px;\n}\n@media (min-width:550px) {\n  #gap-1031480370 {\n    padding-top: 30px;\n  }\n}\n<\/style>\n\t<\/div>\n\t\n\t\t<\/div>\n\t\t\t\t\t<\/div>\n\n\t\n\n<style>\n#row-1812305862 > .col > .col-inner {\n  padding: 20px 0px 20px 0px;\n}\n@media (min-width:550px) {\n  #row-1812305862 > .col > .col-inner {\n    padding: 60px 0px 60px 0px;\n  }\n}\n@media (min-width:850px) {\n  #row-1812305862 > .col > .col-inner {\n    padding: 60px 0px 40px 0px;\n  }\n}\n<\/style>\n<\/div>\n\t\t<\/div>\n\t\t\t\t\t<\/div>\n\n\t\n\n\t<div id=\"col-1765235910\" class=\"col medium-12 small-12 large-6 medium-col-first\"  >\n\t\t\t\t<div class=\"col-inner\"  >\n\t\t\t\n\t\t\t\n\n  <div class=\"banner has-hover\" id=\"banner-1776486225\">\n          <div class=\"banner-inner fill\">\n        <div class=\"banner-bg fill\" >\n                                                \n                    <\/div>\n\t\t\n        <div class=\"banner-layers container\">\n            <div class=\"fill banner-link\"><\/div>            \n   <div id=\"text-box-112011152\" class=\"text-box banner-layer x50 md-x50 lg-x50 y50 md-y50 lg-y50 res-text\">\n                                <div class=\"text-box-content text dark\">\n              \n              <div class=\"text-inner text-center\">\n                  \n              <\/div>\n           <\/div>\n                            \n<style>\n#text-box-112011152 {\n  width: 60%;\n}\n#text-box-112011152 .text-box-content {\n  font-size: 100%;\n}\n@media (min-width:550px) {\n  #text-box-112011152 {\n    width: 60%;\n  }\n}\n<\/style>\n    <\/div>\n \n        <\/div>\n      <\/div>\n\n            \n<style>\n#banner-1776486225 {\n  padding-top: 300px;\n  background-color: rgb(36, 38, 42);\n}\n#banner-1776486225 .banner-bg img {\n  object-position: 51% 54%;\n}\n@media (min-width:550px) {\n  #banner-1776486225 {\n    padding-top: 500px;\n  }\n}\n@media (min-width:850px) {\n  #banner-1776486225 {\n    padding-top: 700px;\n  }\n}\n<\/style>\n  <\/div>\n\n\n\t\t<\/div>\n\t\t\t\t\t<\/div>\n\n\t\n<\/div>\n\t\t<\/div>\n\n\t\t\n<style>\n#section_1890646750 {\n  padding-top: 0px;\n  padding-bottom: 0px;\n  background-color: rgb(255,255,255);\n}\n<\/style>\n\t<\/section>\n\t\n\n\t<section class=\"section dark\" id=\"section_330694074\">\n\t\t<div class=\"section-bg fill\" >\n\t\t\t\t\t\t\t\t\t\n\t\t\t\n\n\t\t<\/div>\n\n\t\t\n\n\t\t<div class=\"section-content relative\">\n\t\t\t\n<div class=\"row\"  id=\"row-533911882\">\n\n\t<div id=\"col-1585582756\" class=\"col small-12 large-12\"  >\n\t\t\t\t<div class=\"col-inner text-center\"  >\n\t\t\t\n\t\t\t\n\t<div id=\"gap-1232637236\" class=\"gap-element clearfix\" style=\"display:block; height:auto;\">\n\t\t\n<style>\n#gap-1232637236 {\n  padding-top: 35px;\n}\n<\/style>\n\t<\/div>\n\t\n<div class=\"is-divider divider clearfix\" style=\"max-width:100px;height:4px;background-color:rgb(255, 255, 255);\"><\/div>\n\t<div id=\"text-2592983145\" class=\"text\">\n\t\t\n<h2 class=\"uppercase\">Cont\u00e1ctanos<\/h2>\n\t\t\n<style>\n#text-2592983145 {\n  font-size: 2rem;\n  text-align: center;\n}\n@media (min-width:550px) {\n  #text-2592983145 {\n    font-size: 1.5rem;\n  }\n}\n<\/style>\n\t<\/div>\n\t\n\t\t<\/div>\n\t\t\t\t\t<\/div>\n\n\t\n<\/div>\n<div class=\"row row-large\" style=\"max-width:1300px\" id=\"row-743771343\">\n\n\t<div id=\"col-1785922987\" class=\"col medium-4 small-12 large-4\"  >\n\t\t\t\t<div class=\"col-inner text-center\"  >\n\t\t\t\n\t\t\t\n\n\t\t<div class=\"icon-box featured-box icon-box-top text-left\"  >\n\t\t\t\t<div class=\"icon-box-text last-reset\">\n\t\t\t\t\t\t\t\t\t\n\t<div id=\"text-2731537081\" class=\"text\">\n\t\t\n<h3>info@lageria.com<\/h3>\n\t\t\n<style>\n#text-2731537081 {\n  font-size: 1.5rem;\n  text-align: center;\n}\n@media (min-width:550px) {\n  #text-2731537081 {\n    font-size: 1.25rem;\n  }\n}\n<\/style>\n\t<\/div>\n\t\n\t\t<\/div>\n\t<\/div>\n\t\n\t\n\t\t<\/div>\n\t\t\t\t\t<\/div>\n\n\t\n\n\t<div id=\"col-394356941\" class=\"col medium-4 small-12 large-4\"  >\n\t\t\t\t<div class=\"col-inner text-center\"  >\n\t\t\t\n\t\t\t\n\n\t\t<div class=\"icon-box featured-box icon-box-top text-left\"  >\n\t\t\t\t<div class=\"icon-box-text last-reset\">\n\t\t\t\t\t\t\t\t\t\n\t<div id=\"text-235467790\" class=\"text\">\n\t\t\n<h3>Ctra de la Geria Km. 19, 35570 La Geria, Lanzarote Espa\u00f1a<\/h3>\n\t\t\n<style>\n#text-235467790 {\n  font-size: 1.5rem;\n  text-align: center;\n}\n@media (min-width:550px) {\n  #text-235467790 {\n    font-size: 1.25rem;\n  }\n}\n<\/style>\n\t<\/div>\n\t\n\t\t<\/div>\n\t<\/div>\n\t\n\t\n\t\t<\/div>\n\t\t\t\t\t<\/div>\n\n\t\n\n\t<div id=\"col-1951643850\" class=\"col medium-4 small-12 large-4\"  >\n\t\t\t\t<div class=\"col-inner text-center\"  >\n\t\t\t\n\t\t\t\n\n\t\t<div class=\"icon-box featured-box icon-box-top text-left\"  >\n\t\t\t\t<div class=\"icon-box-text last-reset\">\n\t\t\t\t\t\t\t\t\t\n\t<div id=\"text-3017143262\" class=\"text\">\n\t\t\n<h3>+34 928 173 178 \/ +34 928 659 235<\/h3>\n\t\t\n<style>\n#text-3017143262 {\n  font-size: 1.5rem;\n  text-align: center;\n}\n@media (min-width:550px) {\n  #text-3017143262 {\n    font-size: 1.25rem;\n  }\n}\n<\/style>\n\t<\/div>\n\t\n\t\t<\/div>\n\t<\/div>\n\t\n\t\n\t\t<\/div>\n\t\t\t\t\t<\/div>\n\n\t\n<\/div>\n\t\t<\/div>\n\n\t\t\n<style>\n#section_330694074 {\n  padding-top: 50px;\n  padding-bottom: 50px;\n  background-color: #dd3333;\n}\n<\/style>\n\t<\/section>\n\t\n","protected":false},"excerpt":{"rendered":"","protected":false},"author":1,"featured_media":0,"parent":0,"menu_order":0,"comment_status":"closed","ping_status":"closed","template":"page-blank.php","meta":{"footnotes":""},"class_list":["post-238212","page","type-page","status-publish","hentry"],"_links":{"self":[{"href":"https:\/\/www.lageria.com\/fr\/wp-json\/wp\/v2\/pages\/238212","targetHints":{"allow":["GET"]}}],"collection":[{"href":"https:\/\/www.lageria.com\/fr\/wp-json\/wp\/v2\/pages"}],"about":[{"href":"https:\/\/www.lageria.com\/fr\/wp-json\/wp\/v2\/types\/page"}],"author":[{"embeddable":true,"href":"https:\/\/www.lageria.com\/fr\/wp-json\/wp\/v2\/users\/1"}],"replies":[{"embeddable":true,"href":"https:\/\/www.lageria.com\/fr\/wp-json\/wp\/v2\/comments?post=238212"}],"version-history":[{"count":1,"href":"https:\/\/www.lageria.com\/fr\/wp-json\/wp\/v2\/pages\/238212\/revisions"}],"predecessor-version":[{"id":238213,"href":"https:\/\/www.lageria.com\/fr\/wp-json\/wp\/v2\/pages\/238212\/revisions\/238213"}],"wp:attachment":[{"href":"https:\/\/www.lageria.com\/fr\/wp-json\/wp\/v2\/media?parent=238212"}],"curies":[{"name":"wp","href":"https:\/\/api.w.org\/{rel}","templated":true}]}}