{"id":235904,"date":"2024-09-30T15:42:57","date_gmt":"2024-09-30T14:42:57","guid":{"rendered":"https:\/\/www.lageria.com\/visitas-guiadas\/"},"modified":"2026-04-09T20:05:58","modified_gmt":"2026-04-09T19:05:58","slug":"visitas-guiadas","status":"publish","type":"page","link":"https:\/\/www.lageria.com\/fr\/visitas-guiadas\/","title":{"rendered":"Visites guid\u00e9es"},"content":{"rendered":"\n\t<section class=\"section has-parallax\" id=\"section_1386594563\">\n\t\t<div class=\"section-bg fill\" data-parallax-container=\".section\" data-parallax-background data-parallax=\"-7\">\n\t\t\t<img loading=\"lazy\" decoding=\"async\" width=\"1800\" height=\"1251\" src=\"https:\/\/www.lageria.com\/wp-content\/uploads\/2025\/10\/Bodega-interior-05.jpeg\" class=\"bg attachment- size-\" alt=\"\" \/>\t\t\t\t\t\t\n\t\t\t\n\n\t\t<\/div>\n\n\t\t\n\n\t\t<div class=\"section-content relative\">\n\t\t\t\n\t\t<\/div>\n\n\t\t\n<style>\n#section_1386594563 {\n  padding-top: 30px;\n  padding-bottom: 30px;\n  min-height: 300px;\n}\n@media (min-width:550px) {\n  #section_1386594563 {\n    min-height: 350px;\n  }\n}\n@media (min-width:850px) {\n  #section_1386594563 {\n    min-height: 200px;\n  }\n}\n<\/style>\n\t<\/section>\n\t\n\n\t<section class=\"section\" id=\"section_18548436\">\n\t\t<div class=\"section-bg fill\" >\n\t\t\t\t\t\t\t\t\t\n\t\t\t\n\n\t\t<\/div>\n\n\t\t\n\n\t\t<div class=\"section-content relative\">\n\t\t\t\n<div class=\"row\" style=\"max-width:1200px\" id=\"row-1834316167\">\n\n\t<div id=\"col-832817898\" class=\"col small-12 large-12\"  >\n\t\t\t\t<div class=\"col-inner text-left\" style=\"background-color:rgb(255, 255, 255);\" >\n\t\t\t\n\t\t\t\n<div class=\"row align-right\" style=\"max-width:1200px\" id=\"row-1645381032\">\n\n\t<div id=\"col-1617877224\" class=\"col medium-12 small-12 large-6\"  >\n\t\t\t\t<div class=\"col-inner\"  >\n\t\t\t\n\t\t\t\n<h6>Visites guid\u00e9es et circuits \u0153nologiques \u00e0 La Geria<\/h6>\n\t<div id=\"text-225486281\" class=\"text\">\n\t\t\n<h2><strong>D\u00e9couvrez le processus fascinant du vin au milieu de paysages volcaniques uniques<\/strong><\/h2>\n\t\t\n<style>\n#text-225486281 {\n  font-size: 1rem;\n}\n<\/style>\n\t<\/div>\n\t\n\n  <div class=\"banner has-hover\" id=\"banner-1912677977\">\n          <div class=\"banner-inner fill\">\n        <div class=\"banner-bg fill\" >\n            <img loading=\"lazy\" decoding=\"async\" width=\"1020\" height=\"591\" src=\"https:\/\/www.lageria.com\/wp-content\/uploads\/2019\/09\/MG_2515-1024x593.jpeg\" class=\"bg attachment-large size-large\" alt=\"\" \/>                                    \n                    <\/div>\n\t\t\n        <div class=\"banner-layers container\">\n            <div class=\"fill banner-link\"><\/div>            \n   <div id=\"text-box-52975143\" class=\"text-box banner-layer x50 md-x50 lg-x50 y50 md-y50 lg-y50 res-text\">\n                                <div class=\"text-box-content text dark\">\n              \n              <div class=\"text-inner text-center\">\n                  \n              <\/div>\n           <\/div>\n                            \n<style>\n#text-box-52975143 {\n  width: 60%;\n}\n#text-box-52975143 .text-box-content {\n  font-size: 100%;\n}\n@media (min-width:550px) {\n  #text-box-52975143 {\n    width: 60%;\n  }\n}\n<\/style>\n    <\/div>\n \n        <\/div>\n      <\/div>\n\n            \n<style>\n#banner-1912677977 {\n  padding-top: 300px;\n  background-color: rgb(255, 255, 255);\n}\n#banner-1912677977 .banner-bg img {\n  object-position: 24% 99%;\n}\n@media (min-width:550px) {\n  #banner-1912677977 {\n    padding-top: 400px;\n  }\n}\n@media (min-width:850px) {\n  #banner-1912677977 {\n    padding-top: 175px;\n  }\n}\n<\/style>\n  <\/div>\n\n\n<p>Plongez dans la tradition viticole de La Geria avec nos visites guid\u00e9es et circuits \u0153nologiques. Explorez les vignobles volcaniques qui ont fait la renomm\u00e9e mondiale de l&rsquo;\u00eele de Lanzarote, d\u00e9couvrez de pr\u00e8s les techniques de culture et percez le secret du c\u00e9l\u00e8bre vin Malvasia. Pendant la visite, vous pourrez profiter de d\u00e9gustations exclusives qui \u00e9veilleront vos sens, tout en \u00e9tant entour\u00e9 d&rsquo;un environnement naturel impressionnant. Une exp\u00e9rience inoubliable pour les amateurs de vin et de nature&nbsp;!<\/p>\n\t\t<\/div>\n\t\t\t\t\n<style>\n#col-1617877224 > .col-inner {\n  padding: 10px 30px 0px 30px;\n}\n@media (min-width:550px) {\n  #col-1617877224 > .col-inner {\n    padding: 0 50px 20px 50px;\n  }\n}\n@media (min-width:850px) {\n  #col-1617877224 > .col-inner {\n    padding: 5px 5px 5px 5px;\n  }\n}\n<\/style>\n\t<\/div>\n\n\t\n\n\t<div id=\"col-1857408215\" class=\"col medium-12 small-12 large-6 medium-col-first\"  >\n\t\t\t\t<div class=\"col-inner\"  >\n\t\t\t\n\t\t\t\n<h2><strong>VISITES<\/strong><\/h2>\n\n<div class=\"latepoint-book-form-wrapper os-loading os_init_booking_form\" id=\"latepointBookForm_69e0fbbd8c9fa\" data-selected-location=\"1\" data-selected-agent=\"3\" data-hide-side-panel=\"yes\" data-hide-summary=\"yes\" >\n\t\t\t\t\t\t<div class=\"latepoint-w latepoint-inline-form latepoint-hide-side-panel\">\n\t\t\t\t\t\t\t<div class=\"latepoint-booking-form-element\">\n\t\t\t\t\t\t\t\t<div class=\"latepoint-side-panel\"><\/div>\n\t\t\t\t\t\t\t\t<div class=\"latepoint-form-w\"><\/div>\n\t\t\t\t\t\t\t<\/div>\n\t\t\t\t\t\t<\/div>\n\t\t\t\t\t<\/div>\n\n\t\t<\/div>\n\t\t\t\t\n<style>\n#col-1857408215 > .col-inner {\n  padding: 20px 20px 10px 20px;\n}\n@media (min-width:550px) {\n  #col-1857408215 > .col-inner {\n    padding: 50px 50px 0 50px;\n  }\n}\n@media (min-width:850px) {\n  #col-1857408215 > .col-inner {\n    padding: 50px 50px 20px 0px;\n  }\n}\n<\/style>\n\t<\/div>\n\n\t\n\n<style>\n#row-1645381032 > .col > .col-inner {\n  padding: 25px 0px 0px 0px;\n}\n<\/style>\n<\/div>\n\t\t<\/div>\n\t\t\t\t\n<style>\n#col-832817898 > .col-inner {\n  padding: 15px 15px 15px 15px;\n  margin: -100px 0px 0px 0px;\n}\n@media (min-width:550px) {\n  #col-832817898 > .col-inner {\n    margin: 0px 0px 0px 0px;\n  }\n}\n<\/style>\n\t<\/div>\n\n\t\n<\/div>\n\t\t<\/div>\n\n\t\t\n<style>\n#section_18548436 {\n  padding-top: 30px;\n  padding-bottom: 30px;\n  background-color: rgb(237, 233, 227);\n}\n<\/style>\n\t<\/section>\n\t\n\n\t<section class=\"section\" id=\"section_273598122\">\n\t\t<div class=\"section-bg fill\" >\n\t\t\t\t\t\t\t\t\t\n\t\t\t\n\n\t\t<\/div>\n\n\t\t\n\n\t\t<div class=\"section-content relative\">\n\t\t\t\n<div class=\"row\" style=\"max-width:1200px\" id=\"row-564733009\">\n\n\t<div id=\"col-1637067379\" class=\"col small-12 large-12\"  >\n\t\t\t\t<div class=\"col-inner\"  >\n\t\t\t\n\t\t\t\n  <div class=\"banner-grid-wrapper\">\n  <div id=\"banner-grid-1231665163\" class=\"banner-grid row row-grid row-xsmall row-full-width\" data-packery-options=\"\">\n                      \n<div class=\"col grid-col small-12 large-3 grid-col-2-3\" ><div class=\"col-inner\">\n\n  <div class=\"banner has-hover bg-glow\" id=\"banner-1336654081\">\n          <div class=\"banner-inner fill\">\n        <div class=\"banner-bg fill\" >\n                                                \n                    <\/div>\n\t\t\n        <div class=\"banner-layers container\">\n            <a class=\"fill\" href=\"#\"><div class=\"fill banner-link\"><\/div><\/a>            \n   <div id=\"text-box-285886633\" class=\"text-box banner-layer x50 md-x50 lg-x50 y50 md-y50 lg-y50 res-text\">\n                                <div class=\"text-box-content text dark\">\n              \n              <div class=\"text-inner text-center\">\n                  \n              <\/div>\n           <\/div>\n                            \n<style>\n#text-box-285886633 {\n  width: 60%;\n}\n#text-box-285886633 .text-box-content {\n  font-size: 100%;\n}\n@media (min-width:550px) {\n  #text-box-285886633 {\n    width: 60%;\n  }\n}\n<\/style>\n    <\/div>\n \n        <\/div>\n      <\/div>\n\n            \n<style>\n#banner-1336654081 {\n  padding-top: 300px;\n  background-color: rgb(237, 233, 227);\n}\n#banner-1336654081 .banner-bg img {\n  object-position: 42% 86%;\n}\n@media (min-width:850px) {\n  #banner-1336654081 {\n    padding-top: 500px;\n  }\n}\n<\/style>\n  <\/div>\n\n\n<\/div><\/div>\n<div class=\"col grid-col small-12 large-6 grid-col-1\" ><div class=\"col-inner\">\n\n  <div class=\"banner has-hover bg-glow\" id=\"banner-1837812234\">\n          <div class=\"banner-inner fill\">\n        <div class=\"banner-bg fill\" >\n                                                \n                    <\/div>\n\t\t\n        <div class=\"banner-layers container\">\n            <a class=\"fill\" href=\"#\"><div class=\"fill banner-link\"><\/div><\/a>            \n   <div id=\"text-box-1313574964\" class=\"text-box banner-layer x50 md-x50 lg-x50 y50 md-y50 lg-y50 res-text\">\n                                <div class=\"text-box-content text dark\">\n              \n              <div class=\"text-inner text-center\">\n                  \n              <\/div>\n           <\/div>\n                            \n<style>\n#text-box-1313574964 {\n  width: 60%;\n}\n#text-box-1313574964 .text-box-content {\n  font-size: 100%;\n}\n@media (min-width:550px) {\n  #text-box-1313574964 {\n    width: 60%;\n  }\n}\n<\/style>\n    <\/div>\n \n        <\/div>\n      <\/div>\n\n            \n<style>\n#banner-1837812234 {\n  padding-top: 400px;\n  background-color: rgb(237, 233, 227);\n}\n@media (min-width:850px) {\n  #banner-1837812234 {\n    padding-top: 500px;\n  }\n}\n<\/style>\n  <\/div>\n\n\n<\/div><\/div>\n<div class=\"col grid-col small-12 large-3 grid-col-1-3\" ><div class=\"col-inner\">\n\n  <div class=\"banner has-hover bg-glow\" id=\"banner-786126895\">\n          <div class=\"banner-inner fill\">\n        <div class=\"banner-bg fill\" >\n                                                \n                    <\/div>\n\t\t\n        <div class=\"banner-layers container\">\n            <a class=\"fill\" href=\"#\"><div class=\"fill banner-link\"><\/div><\/a>            \n   <div id=\"text-box-1433400620\" class=\"text-box banner-layer x50 md-x50 lg-x50 y50 md-y50 lg-y50 res-text\">\n                                <div class=\"text-box-content text dark\">\n              \n              <div class=\"text-inner text-center\">\n                  \n              <\/div>\n           <\/div>\n                            \n<style>\n#text-box-1433400620 {\n  width: 60%;\n}\n#text-box-1433400620 .text-box-content {\n  font-size: 100%;\n}\n@media (min-width:550px) {\n  #text-box-1433400620 {\n    width: 60%;\n  }\n}\n<\/style>\n    <\/div>\n \n        <\/div>\n      <\/div>\n\n            \n<style>\n#banner-786126895 {\n  padding-top: 300px;\n  background-color: rgb(237, 233, 227);\n}\n#banner-786126895 .banner-bg img {\n  object-position: 42% 86%;\n}\n@media (min-width:850px) {\n  #banner-786126895 {\n    padding-top: 500px;\n  }\n}\n<\/style>\n  <\/div>\n\n\n<\/div><\/div>\n<div class=\"col grid-col small-12 large-3 grid-col-2-3\" ><div class=\"col-inner\">\n\n  <div class=\"banner has-hover bg-glow\" id=\"banner-1924834766\">\n          <div class=\"banner-inner fill\">\n        <div class=\"banner-bg fill\" >\n                                                \n                    <\/div>\n\t\t\n        <div class=\"banner-layers container\">\n            <a class=\"fill\" href=\"#\"><div class=\"fill banner-link\"><\/div><\/a>            \n   <div id=\"text-box-280913601\" class=\"text-box banner-layer x50 md-x50 lg-x50 y50 md-y50 lg-y50 res-text\">\n                                <div class=\"text-box-content text dark\">\n              \n              <div class=\"text-inner text-center\">\n                  \n              <\/div>\n           <\/div>\n                            \n<style>\n#text-box-280913601 {\n  width: 60%;\n}\n#text-box-280913601 .text-box-content {\n  font-size: 100%;\n}\n@media (min-width:550px) {\n  #text-box-280913601 {\n    width: 60%;\n  }\n}\n<\/style>\n    <\/div>\n \n        <\/div>\n      <\/div>\n\n            \n<style>\n#banner-1924834766 {\n  padding-top: 300px;\n  background-color: rgb(237, 233, 227);\n}\n#banner-1924834766 .banner-bg img {\n  object-position: 90% 96%;\n}\n@media (min-width:850px) {\n  #banner-1924834766 {\n    padding-top: 500px;\n  }\n}\n<\/style>\n  <\/div>\n\n\n<\/div><\/div>\n<div class=\"col grid-col small-12 large-3 grid-col-1-3\" ><div class=\"col-inner\">\n\n  <div class=\"banner has-hover bg-glow\" id=\"banner-1424520046\">\n          <div class=\"banner-inner fill\">\n        <div class=\"banner-bg fill\" >\n                                                \n                    <\/div>\n\t\t\n        <div class=\"banner-layers container\">\n            <a class=\"fill\" href=\"#\"><div class=\"fill banner-link\"><\/div><\/a>            \n   <div id=\"text-box-1863244755\" class=\"text-box banner-layer x50 md-x50 lg-x50 y50 md-y50 lg-y50 res-text\">\n                                <div class=\"text-box-content text dark\">\n              \n              <div class=\"text-inner text-center\">\n                  \n              <\/div>\n           <\/div>\n                            \n<style>\n#text-box-1863244755 {\n  width: 60%;\n}\n#text-box-1863244755 .text-box-content {\n  font-size: 100%;\n}\n@media (min-width:550px) {\n  #text-box-1863244755 {\n    width: 60%;\n  }\n}\n<\/style>\n    <\/div>\n \n        <\/div>\n      <\/div>\n\n            \n<style>\n#banner-1424520046 {\n  padding-top: 300px;\n  background-color: rgb(237, 233, 227);\n}\n#banner-1424520046 .banner-bg img {\n  object-position: 100% 43%;\n}\n@media (min-width:850px) {\n  #banner-1424520046 {\n    padding-top: 500px;\n  }\n}\n<\/style>\n  <\/div>\n\n\n<\/div><\/div>\n            <\/div>\n    <style>\n    #banner-grid-1231665163 .grid-col-1{height: 561px}\n    #banner-grid-1231665163 .grid-col-1-2{height: 280.5px}\n    #banner-grid-1231665163 .grid-col-1-3{height:187px}\n    #banner-grid-1231665163 .grid-col-2-3{height: 374px}\n    #banner-grid-1231665163 .grid-col-1-4{height: 140.25px}\n    #banner-grid-1231665163 .grid-col-3-4{height: 420.75px}\n\n\n        \/* Tablet *\/\n    @media (max-width: 850px){\n      #banner-grid-1231665163 .grid-col-1{height: 373px}\n      #banner-grid-1231665163 .grid-col-1-2{height: 186.5px}\n      #banner-grid-1231665163 .grid-col-1-3{height:124.33333333333px}\n      #banner-grid-1231665163 .grid-col-2-3{height: 248.66666666667px}\n      #banner-grid-1231665163 .grid-col-1-4{height: 93.25px}\n      #banner-grid-1231665163 .grid-col-3-4{height: 279.75px}\n    }\n    \n    \n\n  <\/style>\n    <\/div>\n  \n\t\t<\/div>\n\t\t\t\t\t<\/div>\n\n\t\n<\/div>\n\t<div id=\"gap-2001138801\" class=\"gap-element clearfix\" style=\"display:block; height:auto;\">\n\t\t\n<style>\n#gap-2001138801 {\n  padding-top: 40px;\n}\n@media (min-width:850px) {\n  #gap-2001138801 {\n    padding-top: 80px;\n  }\n}\n<\/style>\n\t<\/div>\n\t\n\t\t<\/div>\n\n\t\t\n<style>\n#section_273598122 {\n  padding-top: 30px;\n  padding-bottom: 30px;\n  background-color: rgb(237, 233, 227);\n}\n<\/style>\n\t<\/section>\n\t\n\n\t<section class=\"section\" id=\"section_1354809359\">\n\t\t<div class=\"section-bg fill\" >\n\t\t\t\t\t\t\t\t\t\n\t\t\t\n\n\t\t<\/div>\n\n\t\t\n\n\t\t<div class=\"section-content relative\">\n\t\t\t\n\t<div id=\"gap-1956742848\" class=\"gap-element clearfix\" style=\"display:block; height:auto;\">\n\t\t\n<style>\n#gap-1956742848 {\n  padding-top: 30px;\n}\n<\/style>\n\t<\/div>\n\t\n<div class=\"row\" style=\"max-width:1200px\" id=\"row-2056192076\">\n\n\t<div id=\"col-1870543951\" class=\"col small-12 large-12\"  >\n\t\t\t\t<div class=\"col-inner text-center\"  >\n\t\t\t\n\t\t\t\n\t<div id=\"gap-1156674883\" class=\"gap-element clearfix\" style=\"display:block; height:auto;\">\n\t\t\n<style>\n#gap-1156674883 {\n  padding-top: 15px;\n}\n<\/style>\n\t<\/div>\n\t\n\t<div id=\"text-1946395373\" class=\"text\">\n\t\t\n<h6>Contact<\/h6>\n\t\t\n<style>\n#text-1946395373 {\n  text-align: center;\n}\n<\/style>\n\t<\/div>\n\t\n\t<div id=\"text-3970825346\" class=\"text\">\n\t\t\n<h2>Avez-vous des questions&nbsp;?<\/h2>\n<p>+34 928 173 178 \/ +34 928 659 235<\/p>\n<p>bodega@lageria.com<br \/>\n\t\t\n<style>\n#text-3970825346 {\n  font-size: 1.75rem;\n  text-align: center;\n}\n<\/style>\n\t<\/div>\n\t\n<a href=\"tel:928173178\" class=\"button alert\" style=\"border-radius:30px;padding:5px 30px 5px 30px;\">\n\t\t<span>contacter<\/span>\n\t<i class=\"icon-phone\" aria-hidden=\"true\"><\/i><\/a>\n\n\t\t<\/div>\n\t\t\t\t\n<style>\n#col-1870543951 > .col-inner {\n  padding: 50px 50px 50px 50px;\n}\n<\/style>\n\t<\/div>\n\n\t\n\n<style>\n#row-2056192076 > .col > .col-inner {\n  background-color: rgb(255, 255, 255);\n}\n<\/style>\n<\/div>\n\t\t<\/div>\n\n\t\t\n<style>\n#section_1354809359 {\n  padding-top: 30px;\n  padding-bottom: 30px;\n  min-height: 400px;\n}\n#section_1354809359 .section-bg img {\n  object-position: 74% 51%;\n}\n<\/style>\n\t<\/section>\n\t\n","protected":false},"excerpt":{"rendered":"","protected":false},"author":1,"featured_media":0,"parent":0,"menu_order":0,"comment_status":"closed","ping_status":"closed","template":"page-blank.php","meta":{"footnotes":""},"class_list":["post-235904","page","type-page","status-publish","hentry"],"_links":{"self":[{"href":"https:\/\/www.lageria.com\/fr\/wp-json\/wp\/v2\/pages\/235904","targetHints":{"allow":["GET"]}}],"collection":[{"href":"https:\/\/www.lageria.com\/fr\/wp-json\/wp\/v2\/pages"}],"about":[{"href":"https:\/\/www.lageria.com\/fr\/wp-json\/wp\/v2\/types\/page"}],"author":[{"embeddable":true,"href":"https:\/\/www.lageria.com\/fr\/wp-json\/wp\/v2\/users\/1"}],"replies":[{"embeddable":true,"href":"https:\/\/www.lageria.com\/fr\/wp-json\/wp\/v2\/comments?post=235904"}],"version-history":[{"count":8,"href":"https:\/\/www.lageria.com\/fr\/wp-json\/wp\/v2\/pages\/235904\/revisions"}],"predecessor-version":[{"id":240409,"href":"https:\/\/www.lageria.com\/fr\/wp-json\/wp\/v2\/pages\/235904\/revisions\/240409"}],"wp:attachment":[{"href":"https:\/\/www.lageria.com\/fr\/wp-json\/wp\/v2\/media?parent=235904"}],"curies":[{"name":"wp","href":"https:\/\/api.w.org\/{rel}","templated":true}]}}