{"id":240016,"date":"2016-01-25T17:24:05","date_gmt":"2016-01-25T17:24:05","guid":{"rendered":"https:\/\/www.lageria.com\/producto\/antigua-malvasia-volcanica-dulce-edicion-limitada-50-cl\/"},"modified":"2016-01-25T17:24:05","modified_gmt":"2016-01-25T16:24:05","slug":"antigua-malvasia-volcanica-dulce-edicion-limitada-50-cl","status":"publish","type":"product","link":"https:\/\/www.lageria.com\/en\/producto\/antigua-malvasia-volcanica-dulce-edicion-limitada-50-cl\/","title":{"rendered":"Antigua Malvas\u00eda Volc\u00e1nica Dulce edici\u00f3n limitada 50 cl."},"content":{"rendered":"","protected":false},"excerpt":{"rendered":"<p><em><strong>ANTIGUA <\/strong><\/em><\/p>\n<p><em><strong>MALVASIA VOLCANICA DULCE<\/strong><\/em> (desde 2005)<\/p>\n<p>&nbsp;<\/p>\n<p>La pasificaci\u00f3n de la uva &#8220;Malvas\u00eda Volc\u00e1nica&#8221; en cenizas del volc\u00e1n.<\/p>\n","protected":false},"featured_media":231593,"comment_status":"closed","ping_status":"closed","template":"","meta":[],"product_brand":[],"product_cat":[246,244],"product_tag":[],"class_list":{"0":"post-240016","1":"product","2":"type-product","3":"status-publish","4":"has-post-thumbnail","6":"product_cat-sweet-wines","7":"product_cat-tienda-online-2","9":"first","10":"instock","11":"shipping-taxable","12":"purchasable","13":"product-type-simple"},"_links":{"self":[{"href":"https:\/\/www.lageria.com\/en\/wp-json\/wp\/v2\/product\/240016","targetHints":{"allow":["GET"]}}],"collection":[{"href":"https:\/\/www.lageria.com\/en\/wp-json\/wp\/v2\/product"}],"about":[{"href":"https:\/\/www.lageria.com\/en\/wp-json\/wp\/v2\/types\/product"}],"replies":[{"embeddable":true,"href":"https:\/\/www.lageria.com\/en\/wp-json\/wp\/v2\/comments?post=240016"}],"wp:featuredmedia":[{"embeddable":true,"href":"https:\/\/www.lageria.com\/en\/wp-json\/wp\/v2\/media\/231593"}],"wp:attachment":[{"href":"https:\/\/www.lageria.com\/en\/wp-json\/wp\/v2\/media?parent=240016"}],"wp:term":[{"taxonomy":"product_brand","embeddable":true,"href":"https:\/\/www.lageria.com\/en\/wp-json\/wp\/v2\/product_brand?post=240016"},{"taxonomy":"product_cat","embeddable":true,"href":"https:\/\/www.lageria.com\/en\/wp-json\/wp\/v2\/product_cat?post=240016"},{"taxonomy":"product_tag","embeddable":true,"href":"https:\/\/www.lageria.com\/en\/wp-json\/wp\/v2\/product_tag?post=240016"}],"curies":[{"name":"wp","href":"https:\/\/api.w.org\/{rel}","templated":true}]}}