{"id":240413,"date":"2013-08-11T19:22:53","date_gmt":"2013-08-11T18:22:53","guid":{"rendered":"https:\/\/www.lageria.com\/contacto\/"},"modified":"2026-04-16T13:34:59","modified_gmt":"2026-04-16T12:34:59","slug":"contacto","status":"publish","type":"page","link":"https:\/\/www.lageria.com\/en\/contacto\/","title":{"rendered":"contacto"},"content":{"rendered":"\n\t<section class=\"section\" id=\"section_2082900926\">\n\t\t<div class=\"section-bg fill\" >\n\t\t\t\t\t\t\t\t\t\n\t\t\t\n\n\t\t<\/div>\n\n\t\t\n\n\t\t<div class=\"section-content relative\">\n\t\t\t\n<div class=\"row\"  id=\"row-589824048\">\n\n\t<div id=\"col-36736758\" class=\"col small-12 large-12\"  >\n\t\t\t\t<div class=\"col-inner\"  >\n\t\t\t\n\t\t\t\n\n<p><iframe src=\"https:\/\/www.google.com\/maps\/embed?pb=!1m18!1m12!1m3!1d9873.01930925969!2d-13.718458808582307!3d28.968416667789057!2m3!1f0!2f0!3f0!3m2!1i1024!2i768!4f13.1!3m3!1m2!1s0xc4624b998cd54e1%3A0xc4499f06863194f8!2sBodega%20La%20Geria!5e0!3m2!1ses!2ses!4v1727717761083!5m2!1ses!2ses\" width=\"1900\" height=\"450\" style=\"border:0;\" allowfullscreen=\"\" loading=\"lazy\" referrerpolicy=\"no-referrer-when-downgrade\"><\/iframe><br \/>\n\n\t\t<\/div>\n\t\t\t\t\t<\/div>\n\n\t\n<\/div>\n\t\t<\/div>\n\n\t\t\n<style>\n#section_2082900926 {\n  padding-top: 30px;\n  padding-bottom: 30px;\n}\n<\/style>\n\t<\/section>\n\t\n<div class=\"row\"  id=\"row-1746818028\">\n\n\t<div id=\"col-1510956089\" class=\"col medium-6 large-6\"  >\n\t\t\t\t<div class=\"col-inner\"  >\n\t\t\t\n\t\t\t\n<div class=\"container section-title-container\" ><h3 class=\"section-title section-title-normal\"><b aria-hidden=\"true\"><\/b><span class=\"section-title-main\" >Preguntas Frecuentes<\/span><b aria-hidden=\"true\"><\/b><\/h3><\/div>\n<div class=\"accordion\">\n\t<div id=\"accordion-3078512574\" class=\"accordion-item\">\n\t\t<a id=\"accordion-3078512574-label\" class=\"accordion-title plain\" href=\"#accordion-item-\u00bfcu\u00e1les-son-los-horarios-de-apertura-de-la-taberna?\" aria-expanded=\"false\" aria-controls=\"accordion-3078512574-content\">\n\t\t\t<button class=\"toggle\" aria-label=\"Toggle\"><i class=\"icon-angle-down\" aria-hidden=\"true\"><\/i><\/button>\n\t\t\t<span>\u00bfCu\u00e1les son los horarios de apertura de la taberna?<\/span>\n\t\t<\/a>\n\t\t<div id=\"accordion-3078512574-content\" class=\"accordion-inner\" aria-labelledby=\"accordion-3078512574-label\">\n\t\t\t\n<p>La taberna est\u00e1 abierta todos los d\u00edas de 9:00 a 18:00. El servicio de cocina est\u00e1 disponible hasta las 16:30.<\/p>\n\t\t<\/div>\n\t<\/div>\n\t\n\t<div id=\"accordion-737394135\" class=\"accordion-item\">\n\t\t<a id=\"accordion-737394135-label\" class=\"accordion-title plain\" href=\"#accordion-item-\u00bfes-necesario-hacer-una-reserva-para-visitar-la-taberna?\" aria-expanded=\"false\" aria-controls=\"accordion-737394135-content\">\n\t\t\t<button class=\"toggle\" aria-label=\"Toggle\"><i class=\"icon-angle-down\" aria-hidden=\"true\"><\/i><\/button>\n\t\t\t<span>\u00bfEs necesario hacer una reserva para visitar la taberna?<\/span>\n\t\t<\/a>\n\t\t<div id=\"accordion-737394135-content\" class=\"accordion-inner\" aria-labelledby=\"accordion-737394135-label\">\n\t\t\t\n<p>Recomendamos hacer una reserva, especialmente durante los d\u00edas de mayor afluencia, ya que contamos con aforo limitado. Puedes reservar llamando al tel\u00e9fono 828 180 501.<\/p>\n\t\t<\/div>\n\t<\/div>\n\t\n\t<div id=\"accordion-1464603680\" class=\"accordion-item\">\n\t\t<a id=\"accordion-1464603680-label\" class=\"accordion-title plain\" href=\"#accordion-item-\u00bfqu\u00e9-platos-t\u00edpicos-se-pueden-degustar-en-la-taberna?\" aria-expanded=\"false\" aria-controls=\"accordion-1464603680-content\">\n\t\t\t<button class=\"toggle\" aria-label=\"Toggle\"><i class=\"icon-angle-down\" aria-hidden=\"true\"><\/i><\/button>\n\t\t\t<span>\u00bfQu\u00e9 platos t\u00edpicos se pueden degustar en la taberna?<\/span>\n\t\t<\/a>\n\t\t<div id=\"accordion-1464603680-content\" class=\"accordion-inner\" aria-labelledby=\"accordion-1464603680-label\">\n\t\t\t\n<p>En nuestra carta encontrar\u00e1s platos tradicionales de Lanzarote, como la carne de cabra, las garbanzas y la carne de cochino en adobo, adem\u00e1s de un surtido de pinchos acompa\u00f1ados por nuestros vinos Malvas\u00eda.<\/p>\n\t\t<\/div>\n\t<\/div>\n\t\n\t<div id=\"accordion-3022509860\" class=\"accordion-item\">\n\t\t<a id=\"accordion-3022509860-label\" class=\"accordion-title plain\" href=\"#accordion-item-\u00bfhay-opciones-para-personas-con-dietas-especiales?\" aria-expanded=\"false\" aria-controls=\"accordion-3022509860-content\">\n\t\t\t<button class=\"toggle\" aria-label=\"Toggle\"><i class=\"icon-angle-down\" aria-hidden=\"true\"><\/i><\/button>\n\t\t\t<span>\u00bfHay opciones para personas con dietas especiales?<\/span>\n\t\t<\/a>\n\t\t<div id=\"accordion-3022509860-content\" class=\"accordion-inner\" aria-labelledby=\"accordion-3022509860-label\">\n\t\t\t\n<p>S\u00ed, ofrecemos opciones vegetarianas y podemos adaptar algunos platos seg\u00fan las necesidades diet\u00e9ticas. Te recomendamos que nos informes con antelaci\u00f3n para asegurarnos de que todo est\u00e9 a tu gusto.<\/p>\n\t\t<\/div>\n\t<\/div>\n\t\n\t<div id=\"accordion-596882748\" class=\"accordion-item\">\n\t\t<a id=\"accordion-596882748-label\" class=\"accordion-title plain\" href=\"#accordion-item-\u00bfla-taberna-ofrece-vistas-al-paisaje-de-la-geria?\" aria-expanded=\"false\" aria-controls=\"accordion-596882748-content\">\n\t\t\t<button class=\"toggle\" aria-label=\"Toggle\"><i class=\"icon-angle-down\" aria-hidden=\"true\"><\/i><\/button>\n\t\t\t<span>\u00bfLa taberna ofrece vistas al paisaje de La Geria?<\/span>\n\t\t<\/a>\n\t\t<div id=\"accordion-596882748-content\" class=\"accordion-inner\" aria-labelledby=\"accordion-596882748-label\">\n\t\t\t\n<p>S\u00ed, desde la taberna podr\u00e1s disfrutar de unas vistas inmejorables al Paraje Natural de La Geria, rodeado por los vi\u00f1edos y la belleza volc\u00e1nica que caracteriza la zona.<\/p>\n\t\t<\/div>\n\t<\/div>\n\t\n<\/div>\n\t\t<\/div>\n\t\t\t\t\t<\/div>\n\n\t\n\n\t<div id=\"col-1800543244\" class=\"col medium-6 large-6\"  >\n\t\t\t\t<div class=\"col-inner\"  >\n\t\t\t\n\t\t\t\n<div class=\"container section-title-container\" ><h3 class=\"section-title section-title-normal\"><b aria-hidden=\"true\"><\/b><span class=\"section-title-main\" >Datos de contacto<\/span><b aria-hidden=\"true\"><\/b><\/h3><\/div>\n\t<div id=\"text-2019917362\" class=\"text hidden\">\n\t\t\n[wpforms id=&#8221;1951&#8243; title=&#8221;false&#8221;]\n\t\t\t<\/div>\n\t\n\n\t\t<div class=\"icon-box featured-box icon-box-top text-left\"  >\n\t\t\t\t<div class=\"icon-box-text last-reset\">\n\t\t\t\t\t\t\t\t\t\n<div class=\"flex-col hide-for-medium flex-left\">\n<p><a class=\"tooltip tooltipstered\" href=\"mailto:bodega@lageria.com\"><i class=\"icon-envelop\" aria-hidden=\"true\"><\/i>bodega@lageria.com<\/a><\/p>\n<p><a class=\"tooltip tooltipstered\" href=\"https:\/\/www.lageria.com\/en\/contacto\/#\"><i class=\"icon-clock\" aria-hidden=\"true\"><\/i>10:00 &#8211; 19:00<\/a><\/p>\n<p><a class=\"tooltip tooltipstered\" href=\"tel:+34 928 173 178\"><i class=\"icon-phone\" aria-hidden=\"true\"><\/i>+34 928 173 178<\/a><\/p>\n<p><span class=\"address\">Carretera de La Geria, km.19, 35570 La Geria, Lanzarote<\/span>\n<\/div>\n\t\t<\/div>\n\t<\/div>\n\t\n\t\n\t\t<\/div>\n\t\t\t\t\t<\/div>\n\n\t\n<\/div>\n","protected":false},"excerpt":{"rendered":"","protected":false},"author":1,"featured_media":0,"parent":0,"menu_order":0,"comment_status":"closed","ping_status":"closed","template":"page-blank.php","meta":{"footnotes":""},"class_list":["post-240413","page","type-page","status-publish","hentry"],"_links":{"self":[{"href":"https:\/\/www.lageria.com\/en\/wp-json\/wp\/v2\/pages\/240413","targetHints":{"allow":["GET"]}}],"collection":[{"href":"https:\/\/www.lageria.com\/en\/wp-json\/wp\/v2\/pages"}],"about":[{"href":"https:\/\/www.lageria.com\/en\/wp-json\/wp\/v2\/types\/page"}],"author":[{"embeddable":true,"href":"https:\/\/www.lageria.com\/en\/wp-json\/wp\/v2\/users\/1"}],"replies":[{"embeddable":true,"href":"https:\/\/www.lageria.com\/en\/wp-json\/wp\/v2\/comments?post=240413"}],"version-history":[{"count":3,"href":"https:\/\/www.lageria.com\/en\/wp-json\/wp\/v2\/pages\/240413\/revisions"}],"predecessor-version":[{"id":250475,"href":"https:\/\/www.lageria.com\/en\/wp-json\/wp\/v2\/pages\/240413\/revisions\/250475"}],"wp:attachment":[{"href":"https:\/\/www.lageria.com\/en\/wp-json\/wp\/v2\/media?parent=240413"}],"curies":[{"name":"wp","href":"https:\/\/api.w.org\/{rel}","templated":true}]}}