{"id":238214,"date":"2013-08-11T19:06:15","date_gmt":"2013-08-11T18:06:15","guid":{"rendered":"https:\/\/www.lageria.com\/la-geria\/"},"modified":"2026-04-09T22:26:18","modified_gmt":"2026-04-09T21:26:18","slug":"la-geria","status":"publish","type":"page","link":"https:\/\/www.lageria.com\/en\/la-geria\/","title":{"rendered":"La Geria"},"content":{"rendered":"\n  <div class=\"banner has-hover has-parallax\" id=\"banner-941120678\">\n          <div class=\"banner-inner fill\">\n        <div class=\"banner-bg fill\" data-parallax=\"-&quot;3&quot;\" data-parallax-container=\".banner\" data-parallax-background>\n            <img loading=\"lazy\" decoding=\"async\" width=\"1536\" height=\"861\" src=\"https:\/\/www.lageria.com\/wp-content\/uploads\/2025\/10\/stunning-sunset-view-la-geria-lanzarote-island-1536x861.jpg\" class=\"bg attachment-1536x1536 size-1536x1536\" alt=\"\" \/>                        <div class=\"overlay\"><\/div>            \n                    <\/div>\n\t\t\n        <div class=\"banner-layers container\">\n            <div class=\"fill banner-link\"><\/div>            \n   <div id=\"text-box-1143691338\" class=\"text-box banner-layer x&quot;50&quot; md-x&quot;50&quot; lg-x&quot;50&quot; y&quot;80&quot; md-y&quot;80&quot; lg-y&quot;80&quot; res-text\">\n                                <div class=\"text-box-content text dark\">\n              \n              <div class=\"text-inner text-center\">\n                  \n<h1 class=\"lead\">La Geria<\/h1>\n<p class=\"lead\">Visita a la Bodega y Explicaci\u00f3n del Proceso de Elaboraci\u00f3n&#8230;.<\/p>\n              <\/div>\n           <\/div>\n                            \n<style>\n#text-box-1143691338 {\n  width: 60%;\n}\n#text-box-1143691338 .text-box-content {\n  font-size: 100%;\n}\n<\/style>\n    <\/div>\n \n        <\/div>\n      <\/div>\n\n            \n<style>\n#banner-941120678 {\n  padding-top: 507px;\n}\n#banner-941120678 .overlay {\n  background-color: &quot;rgba(0,;\n}\n<\/style>\n  <\/div>\n\n\n\n\t<section class=\"section\" id=\"section_1279634233\">\n\t\t<div class=\"section-bg fill\" >\n\t\t\t\t\t\t\t\t\t\n\t\t\t\n\n\t\t<\/div>\n\n\t\t\n\n\t\t<div class=\"section-content relative\">\n\t\t\t\n\t<div id=\"gap-1886643963\" class=\"gap-element clearfix\" style=\"display:block; height:auto;\">\n\t\t\n<style>\n#gap-1886643963 {\n  padding-top: 30px;\n}\n<\/style>\n\t<\/div>\n\t\n<div class=\"text-center\"><div class=\"is-divider divider clearfix\" style=\"max-width:100px;height:4px;background-color:rgb(221, 51, 51);\"><\/div><\/div>\n<div class=\"row align-center\" style=\"max-width:1300px\" id=\"row-267600231\">\n\n\t<div id=\"col-2062753325\" class=\"col medium-9 small-12 large-6\"  >\n\t\t\t\t<div class=\"col-inner\"  >\n\t\t\t\n\t\t\t\n\t<div id=\"text-3411853556\" class=\"text\">\n\t\t\n<h2 class=\"uppercase\">La Geria<\/h2>\n\t\t\n<style>\n#text-3411853556 {\n  font-size: 1.75rem;\n  text-align: center;\n}\n<\/style>\n\t<\/div>\n\t\n\t\t<\/div>\n\t\t\t\t\t<\/div>\n\n\t\n<\/div>\n<div class=\"row row-small\" style=\"max-width:1300px\" id=\"row-960109365\">\n\n\t<div id=\"col-509703181\" class=\"col medium-6 small-12 large-3\"  >\n\t\t\t\t<div class=\"col-inner\"  >\n\t\t\t\n\t\t\t\n\t<div class=\"box has-hover   has-hover box-text-bottom\" >\n\n\t\t<div class=\"box-image\" >\n\t\t\t<a href=\"#\" >\t\t\t<div class=\"image-overlay-add image-cover\" style=\"padding-top:100%;\">\n\t\t\t\t<img loading=\"lazy\" decoding=\"async\" width=\"1440\" height=\"1080\" src=\"https:\/\/www.lageria.com\/wp-content\/uploads\/2026\/04\/scenic-view-rocky-mountains-against-clear-blue-sky.jpg\" class=\"attachment- size-\" alt=\"\" srcset=\"https:\/\/www.lageria.com\/wp-content\/uploads\/2026\/04\/scenic-view-rocky-mountains-against-clear-blue-sky.jpg 1440w, https:\/\/www.lageria.com\/wp-content\/uploads\/2026\/04\/scenic-view-rocky-mountains-against-clear-blue-sky-300x225.jpg 300w, https:\/\/www.lageria.com\/wp-content\/uploads\/2026\/04\/scenic-view-rocky-mountains-against-clear-blue-sky-1024x768.jpg 1024w, https:\/\/www.lageria.com\/wp-content\/uploads\/2026\/04\/scenic-view-rocky-mountains-against-clear-blue-sky-768x576.jpg 768w, https:\/\/www.lageria.com\/wp-content\/uploads\/2026\/04\/scenic-view-rocky-mountains-against-clear-blue-sky-600x450.jpg 600w\" sizes=\"auto, (max-width: 1440px) 100vw, 1440px\" \/>\t\t\t\t<div class=\"overlay\" style=\"background-color:rgba(253, 111, 94, 0.6)\"><\/div>\t\t\t\t\t\t\t<\/div>\n\t\t\t<\/a>\t\t<\/div>\n\n\t\t<div class=\"box-text text-center\" >\n\t\t\t<div class=\"box-text-inner\">\n\t\t\t\t\n<div class=\"text-center\"><div class=\"is-divider divider clearfix\" style=\"max-width:100px;height:4px;background-color:rgb(221, 51, 51);\"><\/div><\/div>\n\t<div id=\"text-401508631\" class=\"text\">\n\t\t\n<h4>Paisaje Volc\u00e1nico \u00danico<\/h4>\n\t\t\n<style>\n#text-401508631 {\n  font-size: 1.75rem;\n}\n<\/style>\n\t<\/div>\n\t\n\t\t\t<\/div>\n\t\t<\/div>\n\t<\/div>\n\t\n\t\t<\/div>\n\t\t\t\t\t<\/div>\n\n\t\n\n\t<div id=\"col-1150694892\" class=\"col medium-6 small-12 large-3\"  >\n\t\t\t\t<div class=\"col-inner\"  >\n\t\t\t\n\t\t\t\n\t<div class=\"box has-hover   has-hover box-text-bottom\" >\n\n\t\t<div class=\"box-image\" >\n\t\t\t<a href=\"#\" >\t\t\t<div class=\"image-overlay-add image-cover\" style=\"padding-top:100%;\">\n\t\t\t\t<img loading=\"lazy\" decoding=\"async\" width=\"1620\" height=\"1080\" src=\"https:\/\/www.lageria.com\/wp-content\/uploads\/2026\/04\/lanzarote-canary-island.jpg\" class=\"attachment- size-\" alt=\"\" srcset=\"https:\/\/www.lageria.com\/wp-content\/uploads\/2026\/04\/lanzarote-canary-island.jpg 1620w, https:\/\/www.lageria.com\/wp-content\/uploads\/2026\/04\/lanzarote-canary-island-300x200.jpg 300w, https:\/\/www.lageria.com\/wp-content\/uploads\/2026\/04\/lanzarote-canary-island-1024x683.jpg 1024w, https:\/\/www.lageria.com\/wp-content\/uploads\/2026\/04\/lanzarote-canary-island-768x512.jpg 768w, https:\/\/www.lageria.com\/wp-content\/uploads\/2026\/04\/lanzarote-canary-island-1536x1024.jpg 1536w, https:\/\/www.lageria.com\/wp-content\/uploads\/2026\/04\/lanzarote-canary-island-600x400.jpg 600w\" sizes=\"auto, (max-width: 1620px) 100vw, 1620px\" \/>\t\t\t\t<div class=\"overlay\" style=\"background-color:rgba(253, 111, 94, 0.6)\"><\/div>\t\t\t\t\t\t\t<\/div>\n\t\t\t<\/a>\t\t<\/div>\n\n\t\t<div class=\"box-text text-center\" >\n\t\t\t<div class=\"box-text-inner\">\n\t\t\t\t\n<div class=\"text-center\"><div class=\"is-divider divider clearfix\" style=\"max-width:100px;height:4px;background-color:rgb(221, 51, 51);\"><\/div><\/div>\n\t<div id=\"text-2220702676\" class=\"text\">\n\t\t\n<h4>Vides de Malvas\u00eda<\/h4>\n\t\t\n<style>\n#text-2220702676 {\n  font-size: 1.75rem;\n}\n<\/style>\n\t<\/div>\n\t\n\t\t\t<\/div>\n\t\t<\/div>\n\t<\/div>\n\t\n\t\t<\/div>\n\t\t\t\t\t<\/div>\n\n\t\n\n\t<div id=\"col-2146354242\" class=\"col medium-6 small-12 large-3\"  >\n\t\t\t\t<div class=\"col-inner\"  >\n\t\t\t\n\t\t\t\n\t<div class=\"box has-hover   has-hover box-text-bottom\" >\n\n\t\t<div class=\"box-image\" >\n\t\t\t<a href=\"#\" >\t\t\t<div class=\"image-overlay-add image-cover\" style=\"padding-top:100%;\">\n\t\t\t\t<img loading=\"lazy\" decoding=\"async\" width=\"1620\" height=\"1080\" src=\"https:\/\/www.lageria.com\/wp-content\/uploads\/2026\/04\/timanfaya-national-park-lanzarote-canary-island-spain.jpg\" class=\"attachment- size-\" alt=\"\" srcset=\"https:\/\/www.lageria.com\/wp-content\/uploads\/2026\/04\/timanfaya-national-park-lanzarote-canary-island-spain.jpg 1620w, https:\/\/www.lageria.com\/wp-content\/uploads\/2026\/04\/timanfaya-national-park-lanzarote-canary-island-spain-300x200.jpg 300w, https:\/\/www.lageria.com\/wp-content\/uploads\/2026\/04\/timanfaya-national-park-lanzarote-canary-island-spain-1024x683.jpg 1024w, https:\/\/www.lageria.com\/wp-content\/uploads\/2026\/04\/timanfaya-national-park-lanzarote-canary-island-spain-768x512.jpg 768w, https:\/\/www.lageria.com\/wp-content\/uploads\/2026\/04\/timanfaya-national-park-lanzarote-canary-island-spain-1536x1024.jpg 1536w, https:\/\/www.lageria.com\/wp-content\/uploads\/2026\/04\/timanfaya-national-park-lanzarote-canary-island-spain-600x400.jpg 600w\" sizes=\"auto, (max-width: 1620px) 100vw, 1620px\" \/>\t\t\t\t<div class=\"overlay\" style=\"background-color:rgba(253, 111, 94, 0.6)\"><\/div>\t\t\t\t\t\t\t<\/div>\n\t\t\t<\/a>\t\t<\/div>\n\n\t\t<div class=\"box-text text-center\" >\n\t\t\t<div class=\"box-text-inner\">\n\t\t\t\t\n<div class=\"text-center\"><div class=\"is-divider divider clearfix\" style=\"max-width:100px;height:4px;background-color:rgb(221, 51, 51);\"><\/div><\/div>\n\t<div id=\"text-2226735978\" class=\"text\">\n\t\t\n<h4>Conos de Lapilli<\/h4>\n\t\t\n<style>\n#text-2226735978 {\n  font-size: 1.75rem;\n}\n<\/style>\n\t<\/div>\n\t\n\t\t\t<\/div>\n\t\t<\/div>\n\t<\/div>\n\t\n\t\t<\/div>\n\t\t\t\t\t<\/div>\n\n\t\n\n\t<div id=\"col-1400734588\" class=\"col medium-6 small-12 large-3\"  >\n\t\t\t\t<div class=\"col-inner\"  >\n\t\t\t\n\t\t\t\n\t<div class=\"box has-hover   has-hover box-text-bottom\" >\n\n\t\t<div class=\"box-image\" >\n\t\t\t<a href=\"#\" >\t\t\t<div class=\"image-overlay-add image-cover\" style=\"padding-top:100%;\">\n\t\t\t\t<img loading=\"lazy\" decoding=\"async\" width=\"1052\" height=\"1343\" src=\"https:\/\/www.lageria.com\/wp-content\/uploads\/2026\/04\/20201228_085708.jpg\" class=\"attachment- size-\" alt=\"\" srcset=\"https:\/\/www.lageria.com\/wp-content\/uploads\/2026\/04\/20201228_085708.jpg 1052w, https:\/\/www.lageria.com\/wp-content\/uploads\/2026\/04\/20201228_085708-235x300.jpg 235w, https:\/\/www.lageria.com\/wp-content\/uploads\/2026\/04\/20201228_085708-802x1024.jpg 802w, https:\/\/www.lageria.com\/wp-content\/uploads\/2026\/04\/20201228_085708-768x980.jpg 768w, https:\/\/www.lageria.com\/wp-content\/uploads\/2026\/04\/20201228_085708-600x766.jpg 600w\" sizes=\"auto, (max-width: 1052px) 100vw, 1052px\" \/>\t\t\t\t<div class=\"overlay\" style=\"background-color:rgba(253, 111, 94, 0.6)\"><\/div>\t\t\t\t\t\t\t<\/div>\n\t\t\t<\/a>\t\t<\/div>\n\n\t\t<div class=\"box-text text-center\" >\n\t\t\t<div class=\"box-text-inner\">\n\t\t\t\t\n<div class=\"text-center\"><div class=\"is-divider divider clearfix\" style=\"max-width:100px;height:4px;background-color:rgb(221, 51, 51);\"><\/div><\/div>\n\t<div id=\"text-3916639950\" class=\"text\">\n\t\t\n<h4>Parque Natural<\/h4>\n\t\t\n<style>\n#text-3916639950 {\n  font-size: 1.75rem;\n}\n<\/style>\n\t<\/div>\n\t\n\t\t\t<\/div>\n\t\t<\/div>\n\t<\/div>\n\t\n\t\t<\/div>\n\t\t\t\t\t<\/div>\n\n\t\n<\/div>\n\t\t<\/div>\n\n\t\t\n<style>\n#section_1279634233 {\n  padding-top: 35px;\n  padding-bottom: 35px;\n  background-color: rgb(255,255,255);\n}\n@media (min-width:850px) {\n  #section_1279634233 {\n    padding-top: 0px;\n    padding-bottom: 0px;\n  }\n}\n<\/style>\n\t<\/section>\n\t\n\n\t<section class=\"section\" id=\"section_115125545\">\n\t\t<div class=\"section-bg fill\" >\n\t\t\t\t\t\t\t\t\t\n\t\t\t\n\n\t\t<\/div>\n\n\t\t\n\n\t\t<div class=\"section-content relative\">\n\t\t\t\n<div class=\"row row-collapse row-full-width align-middle\"  id=\"row-2025187554\">\n\n\t<div id=\"col-1117459168\" class=\"col medium-12 small-12 large-6 medium-col-first\"  >\n\t\t\t\t<div class=\"col-inner\"  >\n\t\t\t\n\t\t\t\n\n  <div class=\"banner has-hover\" id=\"banner-1630466779\">\n          <div class=\"banner-inner fill\">\n        <div class=\"banner-bg fill\" >\n            <img loading=\"lazy\" decoding=\"async\" width=\"1020\" height=\"573\" src=\"https:\/\/www.lageria.com\/wp-content\/uploads\/2026\/04\/gerias-1024x575.jpeg\" class=\"bg attachment-large size-large\" alt=\"\" \/>                                    \n                    <\/div>\n\t\t\n        <div class=\"banner-layers container\">\n            <div class=\"fill banner-link\"><\/div>            \n   <div id=\"text-box-140517480\" class=\"text-box banner-layer x50 md-x50 lg-x50 y50 md-y50 lg-y50 res-text\">\n                                <div class=\"text-box-content text dark\">\n              \n              <div class=\"text-inner text-center\">\n                  \n              <\/div>\n           <\/div>\n                            \n<style>\n#text-box-140517480 {\n  width: 60%;\n}\n#text-box-140517480 .text-box-content {\n  font-size: 100%;\n}\n@media (min-width:550px) {\n  #text-box-140517480 {\n    width: 60%;\n  }\n}\n<\/style>\n    <\/div>\n \n        <\/div>\n      <\/div>\n\n            \n<style>\n#banner-1630466779 {\n  padding-top: 300px;\n  background-color: rgb(0,0,0);\n}\n#banner-1630466779 .banner-bg img {\n  object-position: 50% 0%;\n}\n@media (min-width:550px) {\n  #banner-1630466779 {\n    padding-top: 400px;\n  }\n}\n@media (min-width:850px) {\n  #banner-1630466779 {\n    padding-top: 700px;\n  }\n}\n<\/style>\n  <\/div>\n\n\n\t\t<\/div>\n\t\t\t\t\t<\/div>\n\n\t\n\n\t<div id=\"col-1453450770\" class=\"col medium-12 small-12 large-6\"  >\n\t\t\t\t<div class=\"col-inner text-left\"  >\n\t\t\t\n\t\t\t\n<div class=\"row align-center\"  id=\"row-1420900061\">\n\n\t<div id=\"col-386802277\" class=\"col medium-10 small-10 large-8\"  >\n\t\t\t\t<div class=\"col-inner\"  >\n\t\t\t\n\t\t\t\n<div class=\"is-divider divider clearfix\" style=\"max-width:100px;height:4px;background-color:rgb(221, 51, 51);\"><\/div>\n\t<div id=\"text-3130429440\" class=\"text\">\n\t\t\n<h1 class=\"uppercase\">la isla de Lanzarote<\/h1>\n\t\t\n<style>\n#text-3130429440 {\n  font-size: 1.5rem;\n  color: rgb(0,0,0);\n}\n#text-3130429440 > * {\n  color: rgb(0,0,0);\n}\n@media (min-width:550px) {\n  #text-3130429440 {\n    font-size: 2.25rem;\n  }\n}\n<\/style>\n\t<\/div>\n\t\n<p>La Geria es una zona de la isla de Lanzarote, Islas Canarias (Espa\u00f1a), conocida por la singularidad de su paisaje volc\u00e1nico. Fue aprovechada para la plantaci\u00f3n de vides para la producci\u00f3n de vino, siendo abundante la variedad Malvas\u00eda.<\/p>\n\t<div id=\"gap-357383679\" class=\"gap-element clearfix\" style=\"display:block; height:auto;\">\n\t\t\n<style>\n#gap-357383679 {\n  padding-top: 10px;\n}\n<\/style>\n\t<\/div>\n\t\n<a class=\"button alert\" style=\"padding:5px 30px 5px 30px;\">\n\t\t<span>Saber m\u00e1s<\/span>\n\t<\/a>\n\n\t<div id=\"gap-282526536\" class=\"gap-element clearfix\" style=\"display:block; height:auto;\">\n\t\t\n<style>\n#gap-282526536 {\n  padding-top: 0px;\n}\n@media (min-width:550px) {\n  #gap-282526536 {\n    padding-top: 30px;\n  }\n}\n<\/style>\n\t<\/div>\n\t\n\t\t<\/div>\n\t\t\t\t\t<\/div>\n\n\t\n\n<style>\n#row-1420900061 > .col > .col-inner {\n  padding: 20px 0px 20px 0px;\n}\n@media (min-width:550px) {\n  #row-1420900061 > .col > .col-inner {\n    padding: 60px 0px 60px 0px;\n  }\n}\n@media (min-width:850px) {\n  #row-1420900061 > .col > .col-inner {\n    padding: 60px 0px 40px 0px;\n  }\n}\n<\/style>\n<\/div>\n\t\t<\/div>\n\t\t\t\t\t<\/div>\n\n\t\n<\/div>\n\t\t<\/div>\n\n\t\t\n<style>\n#section_115125545 {\n  padding-top: 0px;\n  padding-bottom: 0px;\n  background-color: rgb(255,255,255);\n}\n<\/style>\n\t<\/section>\n\t\n\n\t<section class=\"section\" id=\"section_428851510\">\n\t\t<div class=\"section-bg fill\" >\n\t\t\t\t\t\t\t\t\t\n\t\t\t\n\n\t\t<\/div>\n\n\t\t\n\n\t\t<div class=\"section-content relative\">\n\t\t\t\n<div class=\"row row-collapse row-full-width align-middle\"  id=\"row-1505343389\">\n\n\t<div id=\"col-1085847350\" class=\"col medium-12 small-12 large-6\"  >\n\t\t\t\t<div class=\"col-inner text-left\"  >\n\t\t\t\n\t\t\t\n<div class=\"row align-center\"  id=\"row-749701111\">\n\n\t<div id=\"col-1217802981\" class=\"col medium-10 small-10 large-10\"  >\n\t\t\t\t<div class=\"col-inner\"  >\n\t\t\t\n\t\t\t\n<div class=\"is-divider divider clearfix\" style=\"max-width:100px;height:4px;background-color:rgb(221, 51, 51);\"><\/div>\n\t<div id=\"text-2203139759\" class=\"text\">\n\t\t\n<h1 class=\"uppercase\">El Parque Natural de La Geria<\/h1>\n\t\t\n<style>\n#text-2203139759 {\n  font-size: 1.5rem;\n  color: rgb(0,0,0);\n}\n#text-2203139759 > * {\n  color: rgb(0,0,0);\n}\n@media (min-width:550px) {\n  #text-2203139759 {\n    font-size: 2.25rem;\n  }\n}\n<\/style>\n\t<\/div>\n\t\n<p>Las vides se plantan en conos formados en el lapilli, llamado localmente pic\u00f3n, y protegidas adicionalmente por peque\u00f1os muros de piedra seca. Tambi\u00e9n se plantan frutales, como higueras, de la misma forma. Este tipo de plantaci\u00f3n permite que las plantas enra\u00edcen m\u00e1s f\u00e1cilmente en el suelo f\u00e9rtil, mientras que la capa superior de lapilli reduce la evapotranspiraci\u00f3n. Adem\u00e1s, la forma de los hoyos y la pared adicional protegen a los cultivos del viento.<\/p>\n<p>El Parque Natural de La Geria comprende terrenos en los municipios de Yaiza, T\u00edas, Tinajo, San Bartolom\u00e9 y Teguise. Incluye varias peque\u00f1as poblaciones: Masdache, Vega de Tegoyo, La Asomada, Conil, Mozaga, La Geria y El Islote-Casa de la Florida.<\/p>\n\t<div id=\"gap-574611778\" class=\"gap-element clearfix\" style=\"display:block; height:auto;\">\n\t\t\n<style>\n#gap-574611778 {\n  padding-top: 10px;\n}\n<\/style>\n\t<\/div>\n\t\n<a class=\"button alert\" style=\"padding:5px 30px 5px 30px;\">\n\t\t<span>Saber m\u00e1s<\/span>\n\t<\/a>\n\n\t<div id=\"gap-622120762\" class=\"gap-element clearfix\" style=\"display:block; height:auto;\">\n\t\t\n<style>\n#gap-622120762 {\n  padding-top: 0px;\n}\n@media (min-width:550px) {\n  #gap-622120762 {\n    padding-top: 30px;\n  }\n}\n<\/style>\n\t<\/div>\n\t\n\t\t<\/div>\n\t\t\t\t\t<\/div>\n\n\t\n\n<style>\n#row-749701111 > .col > .col-inner {\n  padding: 20px 0px 20px 0px;\n}\n@media (min-width:550px) {\n  #row-749701111 > .col > .col-inner {\n    padding: 60px 0px 60px 0px;\n  }\n}\n@media (min-width:850px) {\n  #row-749701111 > .col > .col-inner {\n    padding: 60px 0px 40px 0px;\n  }\n}\n<\/style>\n<\/div>\n\t\t<\/div>\n\t\t\t\t\t<\/div>\n\n\t\n\n\t<div id=\"col-459688191\" class=\"col medium-12 small-12 large-6 medium-col-first\"  >\n\t\t\t\t<div class=\"col-inner\"  >\n\t\t\t\n\t\t\t\n\n  <div class=\"banner has-hover\" id=\"banner-1601378227\">\n          <div class=\"banner-inner fill\">\n        <div class=\"banner-bg fill\" >\n            <img loading=\"lazy\" decoding=\"async\" width=\"1020\" height=\"708\" src=\"https:\/\/www.lageria.com\/wp-content\/uploads\/2026\/04\/paisajes-01-1024x711.jpeg\" class=\"bg attachment-large size-large\" alt=\"\" \/>                                    \n                    <\/div>\n\t\t\n        <div class=\"banner-layers container\">\n            <div class=\"fill banner-link\"><\/div>            \n   <div id=\"text-box-842463867\" class=\"text-box banner-layer x50 md-x50 lg-x50 y50 md-y50 lg-y50 res-text\">\n                                <div class=\"text-box-content text dark\">\n              \n              <div class=\"text-inner text-center\">\n                  \n              <\/div>\n           <\/div>\n                            \n<style>\n#text-box-842463867 {\n  width: 60%;\n}\n#text-box-842463867 .text-box-content {\n  font-size: 100%;\n}\n@media (min-width:550px) {\n  #text-box-842463867 {\n    width: 60%;\n  }\n}\n<\/style>\n    <\/div>\n \n        <\/div>\n      <\/div>\n\n            \n<style>\n#banner-1601378227 {\n  padding-top: 300px;\n  background-color: rgb(36, 38, 42);\n}\n#banner-1601378227 .banner-bg img {\n  object-position: 51% 54%;\n}\n@media (min-width:550px) {\n  #banner-1601378227 {\n    padding-top: 500px;\n  }\n}\n@media (min-width:850px) {\n  #banner-1601378227 {\n    padding-top: 700px;\n  }\n}\n<\/style>\n  <\/div>\n\n\n\t\t<\/div>\n\t\t\t\t\t<\/div>\n\n\t\n<\/div>\n\t\t<\/div>\n\n\t\t\n<style>\n#section_428851510 {\n  padding-top: 0px;\n  padding-bottom: 0px;\n  background-color: rgb(255,255,255);\n}\n<\/style>\n\t<\/section>\n\t\n\n\t<section class=\"section dark\" id=\"section_884509561\">\n\t\t<div class=\"section-bg fill\" >\n\t\t\t\t\t\t\t\t\t\n\t\t\t\n\n\t\t<\/div>\n\n\t\t\n\n\t\t<div class=\"section-content relative\">\n\t\t\t\n<div class=\"row\"  id=\"row-443588598\">\n\n\t<div id=\"col-532211958\" class=\"col small-12 large-12\"  >\n\t\t\t\t<div class=\"col-inner text-center\"  >\n\t\t\t\n\t\t\t\n\t<div id=\"gap-1516139146\" class=\"gap-element clearfix\" style=\"display:block; height:auto;\">\n\t\t\n<style>\n#gap-1516139146 {\n  padding-top: 35px;\n}\n<\/style>\n\t<\/div>\n\t\n<div class=\"is-divider divider clearfix\" style=\"max-width:100px;height:4px;background-color:rgb(255, 255, 255);\"><\/div>\n\t<div id=\"text-528405072\" class=\"text\">\n\t\t\n<h2 class=\"uppercase\">Cont\u00e1ctanos<\/h2>\n\t\t\n<style>\n#text-528405072 {\n  font-size: 2rem;\n  text-align: center;\n}\n@media (min-width:550px) {\n  #text-528405072 {\n    font-size: 1.5rem;\n  }\n}\n<\/style>\n\t<\/div>\n\t\n\t\t<\/div>\n\t\t\t\t\t<\/div>\n\n\t\n<\/div>\n<div class=\"row row-large\" style=\"max-width:1300px\" id=\"row-882719396\">\n\n\t<div id=\"col-1961784467\" class=\"col medium-4 small-12 large-4\"  >\n\t\t\t\t<div class=\"col-inner text-center\"  >\n\t\t\t\n\t\t\t\n\n\t\t<div class=\"icon-box featured-box icon-box-top text-left\"  >\n\t\t\t\t<div class=\"icon-box-text last-reset\">\n\t\t\t\t\t\t\t\t\t\n\t<div id=\"text-1527787073\" class=\"text\">\n\t\t\n<h3>info@lageria.com<\/h3>\n\t\t\n<style>\n#text-1527787073 {\n  font-size: 1.5rem;\n  text-align: center;\n}\n@media (min-width:550px) {\n  #text-1527787073 {\n    font-size: 1.25rem;\n  }\n}\n<\/style>\n\t<\/div>\n\t\n\t\t<\/div>\n\t<\/div>\n\t\n\t\n\t\t<\/div>\n\t\t\t\t\t<\/div>\n\n\t\n\n\t<div id=\"col-1734201370\" class=\"col medium-4 small-12 large-4\"  >\n\t\t\t\t<div class=\"col-inner text-center\"  >\n\t\t\t\n\t\t\t\n\n\t\t<div class=\"icon-box featured-box icon-box-top text-left\"  >\n\t\t\t\t<div class=\"icon-box-text last-reset\">\n\t\t\t\t\t\t\t\t\t\n\t<div id=\"text-2367428812\" class=\"text\">\n\t\t\n<h3>Ctra de la Geria Km. 19, 35570 La Geria, Lanzarote Espa\u00f1a<\/h3>\n\t\t\n<style>\n#text-2367428812 {\n  font-size: 1.5rem;\n  text-align: center;\n}\n@media (min-width:550px) {\n  #text-2367428812 {\n    font-size: 1.25rem;\n  }\n}\n<\/style>\n\t<\/div>\n\t\n\t\t<\/div>\n\t<\/div>\n\t\n\t\n\t\t<\/div>\n\t\t\t\t\t<\/div>\n\n\t\n\n\t<div id=\"col-1926553875\" class=\"col medium-4 small-12 large-4\"  >\n\t\t\t\t<div class=\"col-inner text-center\"  >\n\t\t\t\n\t\t\t\n\n\t\t<div class=\"icon-box featured-box icon-box-top text-left\"  >\n\t\t\t\t<div class=\"icon-box-text last-reset\">\n\t\t\t\t\t\t\t\t\t\n\t<div id=\"text-2407020980\" class=\"text\">\n\t\t\n<h3>+34 928 173 178 \/ +34 928 659 235<\/h3>\n\t\t\n<style>\n#text-2407020980 {\n  font-size: 1.5rem;\n  text-align: center;\n}\n@media (min-width:550px) {\n  #text-2407020980 {\n    font-size: 1.25rem;\n  }\n}\n<\/style>\n\t<\/div>\n\t\n\t\t<\/div>\n\t<\/div>\n\t\n\t\n\t\t<\/div>\n\t\t\t\t\t<\/div>\n\n\t\n<\/div>\n\t\t<\/div>\n\n\t\t\n<style>\n#section_884509561 {\n  padding-top: 50px;\n  padding-bottom: 50px;\n  background-color: #dd3333;\n}\n<\/style>\n\t<\/section>\n\t\n","protected":false},"excerpt":{"rendered":"","protected":false},"author":1,"featured_media":0,"parent":0,"menu_order":0,"comment_status":"closed","ping_status":"closed","template":"page-blank.php","meta":{"footnotes":""},"class_list":["post-238214","page","type-page","status-publish","hentry"],"_links":{"self":[{"href":"https:\/\/www.lageria.com\/en\/wp-json\/wp\/v2\/pages\/238214","targetHints":{"allow":["GET"]}}],"collection":[{"href":"https:\/\/www.lageria.com\/en\/wp-json\/wp\/v2\/pages"}],"about":[{"href":"https:\/\/www.lageria.com\/en\/wp-json\/wp\/v2\/types\/page"}],"author":[{"embeddable":true,"href":"https:\/\/www.lageria.com\/en\/wp-json\/wp\/v2\/users\/1"}],"replies":[{"embeddable":true,"href":"https:\/\/www.lageria.com\/en\/wp-json\/wp\/v2\/comments?post=238214"}],"version-history":[{"count":7,"href":"https:\/\/www.lageria.com\/en\/wp-json\/wp\/v2\/pages\/238214\/revisions"}],"predecessor-version":[{"id":240593,"href":"https:\/\/www.lageria.com\/en\/wp-json\/wp\/v2\/pages\/238214\/revisions\/240593"}],"wp:attachment":[{"href":"https:\/\/www.lageria.com\/en\/wp-json\/wp\/v2\/media?parent=238214"}],"curies":[{"name":"wp","href":"https:\/\/api.w.org\/{rel}","templated":true}]}}