{"id":2708,"date":"2016-01-25T17:12:06","date_gmt":"2016-01-25T17:12:06","guid":{"rendered":"https:\/\/www.lageria.com\/producto\/antigua-moscatel-dulce\/"},"modified":"2026-04-09T20:53:07","modified_gmt":"2026-04-09T19:53:07","slug":"antigua-moscatel-dulce-2","status":"publish","type":"product","link":"https:\/\/www.lageria.com\/producto\/antigua-moscatel-dulce-2\/","title":{"rendered":"Antigua Moscatel Dulce edici\u00f3n limitada 50 cl."},"content":{"rendered":"","protected":false},"excerpt":{"rendered":"<p><em><strong>Antigua (desde 1996)<\/strong><\/em><\/p>\n<p><em><strong>Moscatel de Alejandr\u00eda dulce<\/strong><\/em><\/p>\n<p><strong>El vino m\u00e1s antiguo y prestigioso de Bodega La Geria en &#8222;solera&#8220; desde 1996, conservado durante 20 a\u00f1os en barricas de roble que lo convierten en un vino \u00fanico.<\/strong><\/p>\n","protected":false},"featured_media":231594,"comment_status":"closed","ping_status":"closed","template":"","meta":[],"product_brand":[],"product_cat":[182,236,237],"product_tag":[],"class_list":{"0":"post-2708","1":"product","2":"type-product","3":"status-publish","4":"has-post-thumbnail","6":"product_cat-home","7":"product_cat-tienda-online","8":"product_cat-vinos-dulces","10":"first","11":"instock","12":"shipping-taxable","13":"purchasable","14":"product-type-simple"},"_links":{"self":[{"href":"https:\/\/www.lageria.com\/de\/wp-json\/wp\/v2\/product\/2708","targetHints":{"allow":["GET"]}}],"collection":[{"href":"https:\/\/www.lageria.com\/de\/wp-json\/wp\/v2\/product"}],"about":[{"href":"https:\/\/www.lageria.com\/de\/wp-json\/wp\/v2\/types\/product"}],"replies":[{"embeddable":true,"href":"https:\/\/www.lageria.com\/de\/wp-json\/wp\/v2\/comments?post=2708"}],"wp:featuredmedia":[{"embeddable":true,"href":"https:\/\/www.lageria.com\/de\/wp-json\/wp\/v2\/media\/231594"}],"wp:attachment":[{"href":"https:\/\/www.lageria.com\/de\/wp-json\/wp\/v2\/media?parent=2708"}],"wp:term":[{"taxonomy":"product_brand","embeddable":true,"href":"https:\/\/www.lageria.com\/de\/wp-json\/wp\/v2\/product_brand?post=2708"},{"taxonomy":"product_cat","embeddable":true,"href":"https:\/\/www.lageria.com\/de\/wp-json\/wp\/v2\/product_cat?post=2708"},{"taxonomy":"product_tag","embeddable":true,"href":"https:\/\/www.lageria.com\/de\/wp-json\/wp\/v2\/product_tag?post=2708"}],"curies":[{"name":"wp","href":"https:\/\/api.w.org\/{rel}","templated":true}]}}