{"id":2676,"date":"2016-01-25T13:40:13","date_gmt":"2016-01-25T13:40:13","guid":{"rendered":"https:\/\/www.lageria.com\/producto\/la-geria-malvasia-volcanica-blanco-dulce-50cl\/"},"modified":"2026-04-09T20:53:07","modified_gmt":"2026-04-09T19:53:07","slug":"la-geria-malvasia-volcanica-blanco-dulce-50cl-2","status":"publish","type":"product","link":"https:\/\/www.lageria.com\/producto\/la-geria-malvasia-volcanica-blanco-dulce-50cl-2\/","title":{"rendered":"La Geria Malvas\u00eda Volc\u00e1nica Blanco Dulce 50cl."},"content":{"rendered":"","protected":false},"excerpt":{"rendered":"<p>La uva Malvas\u00eda, que se encuentra en laderas y valles de los volcanes, se vendimia, manualmente, una vez est\u00e9 bien madura.Se realiza una selecci\u00f3n rigurosa de la uva de calidad y, posteriormente, una maceraci\u00f3n pre-fermentativa con el fin de extraer la mayor cantidad de aromas varietales posible<\/p>\n","protected":false},"featured_media":231586,"comment_status":"closed","ping_status":"closed","template":"","meta":[],"product_brand":[],"product_cat":[182,236,237],"product_tag":[],"class_list":{"0":"post-2676","1":"product","2":"type-product","3":"status-publish","4":"has-post-thumbnail","6":"product_cat-home","7":"product_cat-tienda-online","8":"product_cat-vinos-dulces","10":"first","11":"instock","12":"shipping-taxable","13":"purchasable","14":"product-type-simple"},"_links":{"self":[{"href":"https:\/\/www.lageria.com\/de\/wp-json\/wp\/v2\/product\/2676","targetHints":{"allow":["GET"]}}],"collection":[{"href":"https:\/\/www.lageria.com\/de\/wp-json\/wp\/v2\/product"}],"about":[{"href":"https:\/\/www.lageria.com\/de\/wp-json\/wp\/v2\/types\/product"}],"replies":[{"embeddable":true,"href":"https:\/\/www.lageria.com\/de\/wp-json\/wp\/v2\/comments?post=2676"}],"wp:featuredmedia":[{"embeddable":true,"href":"https:\/\/www.lageria.com\/de\/wp-json\/wp\/v2\/media\/231586"}],"wp:attachment":[{"href":"https:\/\/www.lageria.com\/de\/wp-json\/wp\/v2\/media?parent=2676"}],"wp:term":[{"taxonomy":"product_brand","embeddable":true,"href":"https:\/\/www.lageria.com\/de\/wp-json\/wp\/v2\/product_brand?post=2676"},{"taxonomy":"product_cat","embeddable":true,"href":"https:\/\/www.lageria.com\/de\/wp-json\/wp\/v2\/product_cat?post=2676"},{"taxonomy":"product_tag","embeddable":true,"href":"https:\/\/www.lageria.com\/de\/wp-json\/wp\/v2\/product_tag?post=2676"}],"curies":[{"name":"wp","href":"https:\/\/api.w.org\/{rel}","templated":true}]}}