{"id":2660,"date":"2016-01-25T12:51:56","date_gmt":"2016-01-25T12:51:56","guid":{"rendered":"https:\/\/www.lageria.com\/producto\/manto-malvasia-volcanica-seco-75cl\/"},"modified":"2025-11-07T01:11:30","modified_gmt":"2025-11-07T00:11:30","slug":"manto-malvasia-volcanica-seco-75cl-2","status":"publish","type":"product","link":"https:\/\/www.lageria.com\/producto\/manto-malvasia-volcanica-seco-75cl-2\/","title":{"rendered":"Manto Malvas\u00eda Volc\u00e1nica Seco 75cl."},"content":{"rendered":"","protected":false},"excerpt":{"rendered":"<p>La mejor uva de las fincas se vendimia y selecciona manualmente. Se realiza una maceraci\u00f3n prefermentativa en fr\u00edo durante 5 horas, despu\u00e9s el mosto desciende por gravedad directamente a fermentar con sus propias levaduras, aut\u00f3ctonas de Lanzarote<\/p>\n","protected":false},"featured_media":84,"comment_status":"closed","ping_status":"closed","template":"","meta":[],"product_brand":[],"product_cat":[236,239],"product_tag":[],"class_list":{"0":"post-2660","1":"product","2":"type-product","3":"status-publish","4":"has-post-thumbnail","6":"product_cat-tienda-online","7":"product_cat-vinos-malvasia","9":"first","10":"instock","11":"shipping-taxable","12":"purchasable","13":"product-type-simple"},"_links":{"self":[{"href":"https:\/\/www.lageria.com\/de\/wp-json\/wp\/v2\/product\/2660","targetHints":{"allow":["GET"]}}],"collection":[{"href":"https:\/\/www.lageria.com\/de\/wp-json\/wp\/v2\/product"}],"about":[{"href":"https:\/\/www.lageria.com\/de\/wp-json\/wp\/v2\/types\/product"}],"replies":[{"embeddable":true,"href":"https:\/\/www.lageria.com\/de\/wp-json\/wp\/v2\/comments?post=2660"}],"wp:featuredmedia":[{"embeddable":true,"href":"https:\/\/www.lageria.com\/de\/wp-json\/wp\/v2\/media\/84"}],"wp:attachment":[{"href":"https:\/\/www.lageria.com\/de\/wp-json\/wp\/v2\/media?parent=2660"}],"wp:term":[{"taxonomy":"product_brand","embeddable":true,"href":"https:\/\/www.lageria.com\/de\/wp-json\/wp\/v2\/product_brand?post=2660"},{"taxonomy":"product_cat","embeddable":true,"href":"https:\/\/www.lageria.com\/de\/wp-json\/wp\/v2\/product_cat?post=2660"},{"taxonomy":"product_tag","embeddable":true,"href":"https:\/\/www.lageria.com\/de\/wp-json\/wp\/v2\/product_tag?post=2660"}],"curies":[{"name":"wp","href":"https:\/\/api.w.org\/{rel}","templated":true}]}}