{"id":2652,"date":"2016-01-25T12:48:18","date_gmt":"2016-01-25T12:48:18","guid":{"rendered":"https:\/\/www.lageria.com\/producto\/la-geria-rosado-75cl\/"},"modified":"2025-11-07T01:14:54","modified_gmt":"2025-11-07T00:14:54","slug":"la-geria-rosado-75cl-2","status":"publish","type":"product","link":"https:\/\/www.lageria.com\/producto\/la-geria-rosado-75cl-2\/","title":{"rendered":"La Geria Rosado 75cl."},"content":{"rendered":"","protected":false},"excerpt":{"rendered":"<p>Tras una selecci\u00f3n rigurosa de la uva, se quita el rasp\u00f3n para evitar sabores astringentes. La piel y la pulpa son introducidas en un dep\u00f3sito, en el cual el mosto va a permanecer durante 12 horas en contacto con la piel.<\/p>\n","protected":false},"featured_media":82,"comment_status":"closed","ping_status":"closed","template":"","meta":[],"product_brand":[],"product_cat":[236,235],"product_tag":[],"class_list":{"0":"post-2652","1":"product","2":"type-product","3":"status-publish","4":"has-post-thumbnail","6":"product_cat-tienda-online","7":"product_cat-vinos-rosado","9":"first","10":"instock","11":"shipping-taxable","12":"purchasable","13":"product-type-simple"},"_links":{"self":[{"href":"https:\/\/www.lageria.com\/de\/wp-json\/wp\/v2\/product\/2652","targetHints":{"allow":["GET"]}}],"collection":[{"href":"https:\/\/www.lageria.com\/de\/wp-json\/wp\/v2\/product"}],"about":[{"href":"https:\/\/www.lageria.com\/de\/wp-json\/wp\/v2\/types\/product"}],"replies":[{"embeddable":true,"href":"https:\/\/www.lageria.com\/de\/wp-json\/wp\/v2\/comments?post=2652"}],"wp:featuredmedia":[{"embeddable":true,"href":"https:\/\/www.lageria.com\/de\/wp-json\/wp\/v2\/media\/82"}],"wp:attachment":[{"href":"https:\/\/www.lageria.com\/de\/wp-json\/wp\/v2\/media?parent=2652"}],"wp:term":[{"taxonomy":"product_brand","embeddable":true,"href":"https:\/\/www.lageria.com\/de\/wp-json\/wp\/v2\/product_brand?post=2652"},{"taxonomy":"product_cat","embeddable":true,"href":"https:\/\/www.lageria.com\/de\/wp-json\/wp\/v2\/product_cat?post=2652"},{"taxonomy":"product_tag","embeddable":true,"href":"https:\/\/www.lageria.com\/de\/wp-json\/wp\/v2\/product_tag?post=2652"}],"curies":[{"name":"wp","href":"https:\/\/api.w.org\/{rel}","templated":true}]}}