{"id":2636,"date":"2016-01-25T12:38:36","date_gmt":"2016-01-25T12:38:36","guid":{"rendered":"https:\/\/www.lageria.com\/producto\/la-geria-malvasia-volcanica-blanco-semidulce-75cl\/"},"modified":"2025-11-07T01:21:42","modified_gmt":"2025-11-07T00:21:42","slug":"la-geria-malvasia-volcanica-blanco-semidulce-75cl-2","status":"publish","type":"product","link":"https:\/\/www.lageria.com\/producto\/la-geria-malvasia-volcanica-blanco-semidulce-75cl-2\/","title":{"rendered":"La Geria Malvas\u00eda Volc\u00e1nica Blanco Semidulce 75cl."},"content":{"rendered":"","protected":false},"excerpt":{"rendered":"<p>La uva Malvas\u00eda Volc\u00e1nica, que se encuentra en laderas y valles de los volcanes, se vendimia manualmente una vez tenga la madurez deseada. Se realiza una selecci\u00f3n rigurosa de la uva de calidad y posteriormente, una maceraci\u00f3n pre-fermentativa con el fin de extraer la mayor cantidad de aromas varietales posibles.<\/p>\n","protected":false},"featured_media":80,"comment_status":"open","ping_status":"closed","template":"","meta":[],"product_brand":[],"product_cat":[236,237],"product_tag":[],"class_list":{"0":"post-2636","1":"product","2":"type-product","3":"status-publish","4":"has-post-thumbnail","6":"product_cat-tienda-online","7":"product_cat-vinos-dulces","9":"first","10":"instock","11":"shipping-taxable","12":"purchasable","13":"product-type-simple"},"_links":{"self":[{"href":"https:\/\/www.lageria.com\/de\/wp-json\/wp\/v2\/product\/2636","targetHints":{"allow":["GET"]}}],"collection":[{"href":"https:\/\/www.lageria.com\/de\/wp-json\/wp\/v2\/product"}],"about":[{"href":"https:\/\/www.lageria.com\/de\/wp-json\/wp\/v2\/types\/product"}],"replies":[{"embeddable":true,"href":"https:\/\/www.lageria.com\/de\/wp-json\/wp\/v2\/comments?post=2636"}],"wp:featuredmedia":[{"embeddable":true,"href":"https:\/\/www.lageria.com\/de\/wp-json\/wp\/v2\/media\/80"}],"wp:attachment":[{"href":"https:\/\/www.lageria.com\/de\/wp-json\/wp\/v2\/media?parent=2636"}],"wp:term":[{"taxonomy":"product_brand","embeddable":true,"href":"https:\/\/www.lageria.com\/de\/wp-json\/wp\/v2\/product_brand?post=2636"},{"taxonomy":"product_cat","embeddable":true,"href":"https:\/\/www.lageria.com\/de\/wp-json\/wp\/v2\/product_cat?post=2636"},{"taxonomy":"product_tag","embeddable":true,"href":"https:\/\/www.lageria.com\/de\/wp-json\/wp\/v2\/product_tag?post=2636"}],"curies":[{"name":"wp","href":"https:\/\/api.w.org\/{rel}","templated":true}]}}