{"id":250566,"date":"2016-01-25T12:33:19","date_gmt":"2016-01-25T12:33:19","guid":{"rendered":"https:\/\/www.lageria.com\/producto\/la-geria-malvasia-volcanica-trocken-weiss-75cl\/"},"modified":"2016-01-25T12:33:19","modified_gmt":"2016-01-25T12:33:19","slug":"la-geria-malvasia-volcanica-trocken-weiss-75cl","status":"publish","type":"product","link":"https:\/\/www.lageria.com\/de\/producto\/la-geria-malvasia-volcanica-trocken-weiss-75cl\/","title":{"rendered":"La Geria Malvas\u00eda Volc\u00e1nica Trocken Wei\u00df 75cl."},"content":{"rendered":"","protected":false},"excerpt":{"rendered":"<p>Die Malvasia-Trauben, die an den H\u00e4ngen und in den T\u00e4lern der Vulkane zu finden sind, werden von Hand geerntet, sobald sie den gew\u00fcnschten Reifegrad erreicht haben. Es wird eine strenge Auswahl von Qualit\u00e4tstrauben vorgenommen, gefolgt von einer Mazeration vor der G\u00e4rung, um so viele Sortenaromen wie m\u00f6glich zu extrahieren. <\/p>\n","protected":false},"featured_media":231591,"comment_status":"open","ping_status":"closed","template":"","meta":[],"product_brand":[],"product_cat":[270,268],"product_tag":[],"class_list":{"0":"post-250566","1":"product","2":"type-product","3":"status-publish","4":"has-post-thumbnail","6":"product_cat-malvasia-weine","7":"product_cat-online-geschaft-2","9":"first","10":"instock","11":"shipping-taxable","12":"purchasable","13":"product-type-simple"},"_links":{"self":[{"href":"https:\/\/www.lageria.com\/de\/wp-json\/wp\/v2\/product\/250566","targetHints":{"allow":["GET"]}}],"collection":[{"href":"https:\/\/www.lageria.com\/de\/wp-json\/wp\/v2\/product"}],"about":[{"href":"https:\/\/www.lageria.com\/de\/wp-json\/wp\/v2\/types\/product"}],"replies":[{"embeddable":true,"href":"https:\/\/www.lageria.com\/de\/wp-json\/wp\/v2\/comments?post=250566"}],"wp:featuredmedia":[{"embeddable":true,"href":"https:\/\/www.lageria.com\/de\/wp-json\/wp\/v2\/media\/231591"}],"wp:attachment":[{"href":"https:\/\/www.lageria.com\/de\/wp-json\/wp\/v2\/media?parent=250566"}],"wp:term":[{"taxonomy":"product_brand","embeddable":true,"href":"https:\/\/www.lageria.com\/de\/wp-json\/wp\/v2\/product_brand?post=250566"},{"taxonomy":"product_cat","embeddable":true,"href":"https:\/\/www.lageria.com\/de\/wp-json\/wp\/v2\/product_cat?post=250566"},{"taxonomy":"product_tag","embeddable":true,"href":"https:\/\/www.lageria.com\/de\/wp-json\/wp\/v2\/product_tag?post=250566"}],"curies":[{"name":"wp","href":"https:\/\/api.w.org\/{rel}","templated":true}]}}