{"id":250561,"date":"2016-01-25T12:51:56","date_gmt":"2016-01-25T12:51:56","guid":{"rendered":"https:\/\/www.lageria.com\/producto\/manto-malvasia-vulkanischer-malvasia-trocken-75cl\/"},"modified":"2026-04-16T19:21:02","modified_gmt":"2026-04-16T18:21:02","slug":"manto-malvasia-vulkanischer-malvasia-trocken-75cl","status":"publish","type":"product","link":"https:\/\/www.lageria.com\/de\/producto\/manto-malvasia-vulkanischer-malvasia-trocken-75cl\/","title":{"rendered":"Manto Malvas\u00eda Vulkanischer Malvas\u00eda Trocken 75cl."},"content":{"rendered":"","protected":false},"excerpt":{"rendered":"<p>Die besten Trauben aus den Weinbergen werden von Hand geerntet und ausgew\u00e4hlt. Vor der G\u00e4rung erfolgt eine 5-st\u00fcndige kalte Mazeration, nach der der Most durch die Schwerkraft direkt zur G\u00e4rung mit den eigenen, auf Lanzarote beheimateten Hefen herabf\u00e4llt. <\/p>\n","protected":false},"featured_media":84,"comment_status":"closed","ping_status":"closed","template":"","meta":[],"product_brand":[],"product_cat":[270,268],"product_tag":[],"class_list":{"0":"post-250561","1":"product","2":"type-product","3":"status-publish","4":"has-post-thumbnail","6":"product_cat-malvasia-weine","7":"product_cat-online-geschaft-2","9":"first","10":"instock","11":"shipping-taxable","12":"purchasable","13":"product-type-simple"},"_links":{"self":[{"href":"https:\/\/www.lageria.com\/de\/wp-json\/wp\/v2\/product\/250561","targetHints":{"allow":["GET"]}}],"collection":[{"href":"https:\/\/www.lageria.com\/de\/wp-json\/wp\/v2\/product"}],"about":[{"href":"https:\/\/www.lageria.com\/de\/wp-json\/wp\/v2\/types\/product"}],"replies":[{"embeddable":true,"href":"https:\/\/www.lageria.com\/de\/wp-json\/wp\/v2\/comments?post=250561"}],"wp:featuredmedia":[{"embeddable":true,"href":"https:\/\/www.lageria.com\/de\/wp-json\/wp\/v2\/media\/84"}],"wp:attachment":[{"href":"https:\/\/www.lageria.com\/de\/wp-json\/wp\/v2\/media?parent=250561"}],"wp:term":[{"taxonomy":"product_brand","embeddable":true,"href":"https:\/\/www.lageria.com\/de\/wp-json\/wp\/v2\/product_brand?post=250561"},{"taxonomy":"product_cat","embeddable":true,"href":"https:\/\/www.lageria.com\/de\/wp-json\/wp\/v2\/product_cat?post=250561"},{"taxonomy":"product_tag","embeddable":true,"href":"https:\/\/www.lageria.com\/de\/wp-json\/wp\/v2\/product_tag?post=250561"}],"curies":[{"name":"wp","href":"https:\/\/api.w.org\/{rel}","templated":true}]}}