{"id":250559,"date":"2016-01-25T13:35:47","date_gmt":"2016-01-25T13:35:47","guid":{"rendered":"https:\/\/www.lageria.com\/producto\/la-geria-moscatel-suess-50cl\/"},"modified":"2026-04-16T19:20:53","modified_gmt":"2026-04-16T18:20:53","slug":"la-geria-moscatel-suess-50cl","status":"publish","type":"product","link":"https:\/\/www.lageria.com\/de\/producto\/la-geria-moscatel-suess-50cl\/","title":{"rendered":"La Geria Moscatel s\u00fc\u00df 50cl."},"content":{"rendered":"","protected":false},"excerpt":{"rendered":"<p>Die Muskatellertrauben, die an den H\u00e4ngen und in den T\u00e4lern der Vulkane wachsen, werden von Hand geerntet, sobald sie den gew\u00fcnschten Reifegrad erreicht haben, d.h. ziemlich reif, fast rosinenartig. Es erfolgt eine strenge Auswahl von Qualit\u00e4tstrauben, gefolgt von einer vorg\u00e4renden Mazeration, um so viele Sortenaromen wie m\u00f6glich zu extrahieren und gleichzeitig die eventuell geernteten Sultaninen zu befeuchten. <\/p>\n","protected":false},"featured_media":86,"comment_status":"closed","ping_status":"closed","template":"","meta":[],"product_brand":[],"product_cat":[268,269],"product_tag":[],"class_list":{"0":"post-250559","1":"product","2":"type-product","3":"status-publish","4":"has-post-thumbnail","6":"product_cat-online-geschaft-2","7":"product_cat-susweine-2","9":"first","10":"instock","11":"shipping-taxable","12":"purchasable","13":"product-type-simple"},"_links":{"self":[{"href":"https:\/\/www.lageria.com\/de\/wp-json\/wp\/v2\/product\/250559","targetHints":{"allow":["GET"]}}],"collection":[{"href":"https:\/\/www.lageria.com\/de\/wp-json\/wp\/v2\/product"}],"about":[{"href":"https:\/\/www.lageria.com\/de\/wp-json\/wp\/v2\/types\/product"}],"replies":[{"embeddable":true,"href":"https:\/\/www.lageria.com\/de\/wp-json\/wp\/v2\/comments?post=250559"}],"wp:featuredmedia":[{"embeddable":true,"href":"https:\/\/www.lageria.com\/de\/wp-json\/wp\/v2\/media\/86"}],"wp:attachment":[{"href":"https:\/\/www.lageria.com\/de\/wp-json\/wp\/v2\/media?parent=250559"}],"wp:term":[{"taxonomy":"product_brand","embeddable":true,"href":"https:\/\/www.lageria.com\/de\/wp-json\/wp\/v2\/product_brand?post=250559"},{"taxonomy":"product_cat","embeddable":true,"href":"https:\/\/www.lageria.com\/de\/wp-json\/wp\/v2\/product_cat?post=250559"},{"taxonomy":"product_tag","embeddable":true,"href":"https:\/\/www.lageria.com\/de\/wp-json\/wp\/v2\/product_tag?post=250559"}],"curies":[{"name":"wp","href":"https:\/\/api.w.org\/{rel}","templated":true}]}}