{"id":250558,"date":"2016-01-25T16:24:09","date_gmt":"2016-01-25T16:24:09","guid":{"rendered":"https:\/\/www.lageria.com\/producto\/manto-malvasia-volcanic-malvasia-halbsuess-75-cl\/"},"modified":"2016-01-25T16:24:09","modified_gmt":"2016-01-25T16:24:09","slug":"manto-malvasia-volcanic-malvasia-halbsuess-75-cl","status":"publish","type":"product","link":"https:\/\/www.lageria.com\/de\/producto\/manto-malvasia-volcanic-malvasia-halbsuess-75-cl\/","title":{"rendered":"Manto Malvas\u00eda Volcanic Malvas\u00eda Halbs\u00fc\u00df 75 cl."},"content":{"rendered":"","protected":false},"excerpt":{"rendered":"<p>Die Malvas\u00eda Volc\u00e1nica-Trauben, die an den H\u00e4ngen und in den T\u00e4lern der Vulkane wachsen, werden von Hand geerntet, sobald sie den gew\u00fcnschten Reifegrad erreicht haben. Es wird eine strenge Auswahl von Qualit\u00e4tstrauben getroffen und dann eine vorg\u00e4rende Mazeration durchgef\u00fchrt, um so viele Sortenaromen wie m\u00f6glich zu extrahieren. <\/p>\n","protected":false},"featured_media":231587,"comment_status":"closed","ping_status":"closed","template":"","meta":[],"product_brand":[],"product_cat":[268,269],"product_tag":[],"class_list":{"0":"post-250558","1":"product","2":"type-product","3":"status-publish","4":"has-post-thumbnail","6":"product_cat-online-geschaft-2","7":"product_cat-susweine-2","9":"first","10":"instock","11":"shipping-taxable","12":"purchasable","13":"product-type-simple"},"_links":{"self":[{"href":"https:\/\/www.lageria.com\/de\/wp-json\/wp\/v2\/product\/250558","targetHints":{"allow":["GET"]}}],"collection":[{"href":"https:\/\/www.lageria.com\/de\/wp-json\/wp\/v2\/product"}],"about":[{"href":"https:\/\/www.lageria.com\/de\/wp-json\/wp\/v2\/types\/product"}],"replies":[{"embeddable":true,"href":"https:\/\/www.lageria.com\/de\/wp-json\/wp\/v2\/comments?post=250558"}],"wp:featuredmedia":[{"embeddable":true,"href":"https:\/\/www.lageria.com\/de\/wp-json\/wp\/v2\/media\/231587"}],"wp:attachment":[{"href":"https:\/\/www.lageria.com\/de\/wp-json\/wp\/v2\/media?parent=250558"}],"wp:term":[{"taxonomy":"product_brand","embeddable":true,"href":"https:\/\/www.lageria.com\/de\/wp-json\/wp\/v2\/product_brand?post=250558"},{"taxonomy":"product_cat","embeddable":true,"href":"https:\/\/www.lageria.com\/de\/wp-json\/wp\/v2\/product_cat?post=250558"},{"taxonomy":"product_tag","embeddable":true,"href":"https:\/\/www.lageria.com\/de\/wp-json\/wp\/v2\/product_tag?post=250558"}],"curies":[{"name":"wp","href":"https:\/\/api.w.org\/{rel}","templated":true}]}}