{"id":250557,"date":"2016-01-25T17:12:06","date_gmt":"2016-01-25T17:12:06","guid":{"rendered":"https:\/\/www.lageria.com\/producto\/antigua-moscatel-dulce-limitierte-auflage-50-cl\/"},"modified":"2016-01-25T17:12:06","modified_gmt":"2016-01-25T17:12:06","slug":"antigua-moscatel-dulce-limitierte-auflage-50-cl","status":"publish","type":"product","link":"https:\/\/www.lageria.com\/de\/producto\/antigua-moscatel-dulce-limitierte-auflage-50-cl\/","title":{"rendered":"Antigua Moscatel Dulce limitierte Auflage 50 cl."},"content":{"rendered":"","protected":false},"excerpt":{"rendered":"<p><em><strong>Antigua (seit 1996)<\/strong><\/em><\/p>\n<p><em><strong>S\u00fc\u00dfer Muskateller aus Alexandria<\/strong><\/em><\/p>\n<p><strong>Der \u00e4lteste und prestigetr\u00e4chtigste Wein der Bodega La Geria in &#8222;solera&#8220; seit 1996, 20 Jahre lang in Eichenf\u00e4ssern gelagert, was ihn zu einem einzigartigen Wein macht.<\/strong><\/p>\n","protected":false},"featured_media":231594,"comment_status":"closed","ping_status":"closed","template":"","meta":[],"product_brand":[],"product_cat":[261,268,269],"product_tag":[],"class_list":{"0":"post-250557","1":"product","2":"type-product","3":"status-publish","4":"has-post-thumbnail","6":"product_cat-home","7":"product_cat-online-geschaft-2","8":"product_cat-susweine-2","10":"first","11":"instock","12":"shipping-taxable","13":"purchasable","14":"product-type-simple"},"_links":{"self":[{"href":"https:\/\/www.lageria.com\/de\/wp-json\/wp\/v2\/product\/250557","targetHints":{"allow":["GET"]}}],"collection":[{"href":"https:\/\/www.lageria.com\/de\/wp-json\/wp\/v2\/product"}],"about":[{"href":"https:\/\/www.lageria.com\/de\/wp-json\/wp\/v2\/types\/product"}],"replies":[{"embeddable":true,"href":"https:\/\/www.lageria.com\/de\/wp-json\/wp\/v2\/comments?post=250557"}],"wp:featuredmedia":[{"embeddable":true,"href":"https:\/\/www.lageria.com\/de\/wp-json\/wp\/v2\/media\/231594"}],"wp:attachment":[{"href":"https:\/\/www.lageria.com\/de\/wp-json\/wp\/v2\/media?parent=250557"}],"wp:term":[{"taxonomy":"product_brand","embeddable":true,"href":"https:\/\/www.lageria.com\/de\/wp-json\/wp\/v2\/product_brand?post=250557"},{"taxonomy":"product_cat","embeddable":true,"href":"https:\/\/www.lageria.com\/de\/wp-json\/wp\/v2\/product_cat?post=250557"},{"taxonomy":"product_tag","embeddable":true,"href":"https:\/\/www.lageria.com\/de\/wp-json\/wp\/v2\/product_tag?post=250557"}],"curies":[{"name":"wp","href":"https:\/\/api.w.org\/{rel}","templated":true}]}}