{"id":250556,"date":"2016-01-25T13:40:13","date_gmt":"2016-01-25T13:40:13","guid":{"rendered":"https:\/\/www.lageria.com\/producto\/la-geria-malvasia-vulkanischer-weisser-suesser-malvasia-50cl\/"},"modified":"2016-01-25T13:40:13","modified_gmt":"2016-01-25T13:40:13","slug":"la-geria-malvasia-vulkanischer-weisser-suesser-malvasia-50cl","status":"publish","type":"product","link":"https:\/\/www.lageria.com\/de\/producto\/la-geria-malvasia-vulkanischer-weisser-suesser-malvasia-50cl\/","title":{"rendered":"La Geria Malvas\u00eda Vulkanischer Wei\u00dfer S\u00fc\u00dfer Malvasia 50cl."},"content":{"rendered":"","protected":false},"excerpt":{"rendered":"<p>Die Malvasia-Trauben, die an den H\u00e4ngen und in den T\u00e4lern der Vulkane wachsen, werden von Hand geerntet, sobald sie gut ausgereift sind, nach einer strengen Auswahl von Qualit\u00e4tstrauben und einer vorg\u00e4renden Mazeration, um so viel wie m\u00f6glich von den Sortenaromen zu extrahieren.<\/p>\n","protected":false},"featured_media":231586,"comment_status":"closed","ping_status":"closed","template":"","meta":[],"product_brand":[],"product_cat":[261,268,269],"product_tag":[],"class_list":{"0":"post-250556","1":"product","2":"type-product","3":"status-publish","4":"has-post-thumbnail","6":"product_cat-home","7":"product_cat-online-geschaft-2","8":"product_cat-susweine-2","10":"first","11":"instock","12":"shipping-taxable","13":"purchasable","14":"product-type-simple"},"_links":{"self":[{"href":"https:\/\/www.lageria.com\/de\/wp-json\/wp\/v2\/product\/250556","targetHints":{"allow":["GET"]}}],"collection":[{"href":"https:\/\/www.lageria.com\/de\/wp-json\/wp\/v2\/product"}],"about":[{"href":"https:\/\/www.lageria.com\/de\/wp-json\/wp\/v2\/types\/product"}],"replies":[{"embeddable":true,"href":"https:\/\/www.lageria.com\/de\/wp-json\/wp\/v2\/comments?post=250556"}],"wp:featuredmedia":[{"embeddable":true,"href":"https:\/\/www.lageria.com\/de\/wp-json\/wp\/v2\/media\/231586"}],"wp:attachment":[{"href":"https:\/\/www.lageria.com\/de\/wp-json\/wp\/v2\/media?parent=250556"}],"wp:term":[{"taxonomy":"product_brand","embeddable":true,"href":"https:\/\/www.lageria.com\/de\/wp-json\/wp\/v2\/product_brand?post=250556"},{"taxonomy":"product_cat","embeddable":true,"href":"https:\/\/www.lageria.com\/de\/wp-json\/wp\/v2\/product_cat?post=250556"},{"taxonomy":"product_tag","embeddable":true,"href":"https:\/\/www.lageria.com\/de\/wp-json\/wp\/v2\/product_tag?post=250556"}],"curies":[{"name":"wp","href":"https:\/\/api.w.org\/{rel}","templated":true}]}}