{"id":240480,"date":"2024-09-30T17:15:57","date_gmt":"2024-09-30T16:15:57","guid":{"rendered":"https:\/\/www.lageria.com\/?page_id=240480"},"modified":"2026-04-09T21:37:50","modified_gmt":"2026-04-09T20:37:50","slug":"taberna-la-cepa","status":"publish","type":"page","link":"https:\/\/www.lageria.com\/de\/taberna-la-cepa\/","title":{"rendered":"Taberna La Cepa"},"content":{"rendered":"\n\t<section class=\"section\" id=\"section_495865684\">\n\t\t<div class=\"section-bg fill\" >\n\t\t\t\t\t\t\t\t\t\n\t\t\t\n\n\t\t<\/div>\n\n\t\t\n\n\t\t<div class=\"section-content relative\">\n\t\t\t\n<div class=\"row row-collapse row-full-width align-middle\"  id=\"row-431615305\">\n\n\t<div id=\"col-1896411168\" class=\"col medium-12 small-12 large-6\"  >\n\t\t\t\t<div class=\"col-inner text-left\"  >\n\t\t\t\n\t\t\t\n<div class=\"row align-center\"  id=\"row-323122051\">\n\n\t<div id=\"col-1875289876\" class=\"col medium-10 small-10 large-10\"  >\n\t\t\t\t<div class=\"col-inner\"  >\n\t\t\t\n\t\t\t\n<div class=\"is-divider divider clearfix\" style=\"max-width:100px;height:4px;background-color:rgb(221, 51, 51);\"><\/div>\n\t<div id=\"text-667284826\" class=\"text\">\n\t\t\n<h1 class=\"uppercase\">Taberna La Cepa<\/h1>\n\t\t\n<style>\n#text-667284826 {\n  font-size: 1.5rem;\n  color: rgb(0,0,0);\n}\n#text-667284826 > * {\n  color: rgb(0,0,0);\n}\n@media (min-width:550px) {\n  #text-667284826 {\n    font-size: 2.25rem;\n  }\n}\n<\/style>\n\t<\/div>\n\t\n<p>Con unas fant\u00e1sticas vistas al Paraje Natural de La Geria, podr\u00e1n degustar un exquisito surtido de pinchos acompa\u00f1ado de nuestros vinos malvas\u00edas La Geria. Si viene con algo mas de tiempo puede disfrutar de nuestra carta donde podr\u00e1 degustar algunos de los platos t\u00edpicos de la isla como la carne de cabra, las garbanzas o la carne de cochino en adobo.<\/p>\n<p>El bar-cafeter\u00eda est\u00e1 abierto todos los d\u00edas de 9:00 a 18:00 (Cocina: hasta las 16:30)<\/p>\n<p>Para m\u00e1s informaci\u00f3n y reservas puede llamar al tlf: 828 180 501<\/p>\n<p>Aforo Limitado.<\/p>\n\t<div id=\"gap-1356749973\" class=\"gap-element clearfix\" style=\"display:block; height:auto;\">\n\t\t\n<style>\n#gap-1356749973 {\n  padding-top: 10px;\n}\n<\/style>\n\t<\/div>\n\t\n<a href=\"\/wp-content\/uploads\/cartabarlacepa2023.pdf\" target=\"_blank\" class=\"button alert is-gloss is-small lowercase expand\" rel=\"noopener\" style=\"padding:5px 30px 5px 30px;\">\n\t\t<span>DESCARGAR CARTA<\/span>\n\t<i class=\"icon-play\" aria-hidden=\"true\"><\/i><\/a>\n\n\t<div id=\"gap-257616926\" class=\"gap-element clearfix\" style=\"display:block; height:auto;\">\n\t\t\n<style>\n#gap-257616926 {\n  padding-top: 0px;\n}\n@media (min-width:550px) {\n  #gap-257616926 {\n    padding-top: 30px;\n  }\n}\n<\/style>\n\t<\/div>\n\t\n\t\t<\/div>\n\t\t\t\t\t<\/div>\n\n\t\n\n<style>\n#row-323122051 > .col > .col-inner {\n  padding: 20px 0px 20px 0px;\n}\n@media (min-width:550px) {\n  #row-323122051 > .col > .col-inner {\n    padding: 60px 0px 60px 0px;\n  }\n}\n@media (min-width:850px) {\n  #row-323122051 > .col > .col-inner {\n    padding: 60px 0px 40px 0px;\n  }\n}\n<\/style>\n<\/div>\n\t\t<\/div>\n\t\t\t\t\t<\/div>\n\n\t\n\n\t<div id=\"col-1796075745\" class=\"col medium-12 small-12 large-6 medium-col-first\"  >\n\t\t\t\t<div class=\"col-inner\"  >\n\t\t\t\n\t\t\t\n\n  <div class=\"banner has-hover\" id=\"banner-42859223\">\n          <div class=\"banner-inner fill\">\n        <div class=\"banner-bg fill\" >\n                                                \n                    <\/div>\n\t\t\n        <div class=\"banner-layers container\">\n            <div class=\"fill banner-link\"><\/div>            \n   <div id=\"text-box-505999919\" class=\"text-box banner-layer x50 md-x50 lg-x50 y50 md-y50 lg-y50 res-text\">\n                                <div class=\"text-box-content text dark\">\n              \n              <div class=\"text-inner text-center\">\n                  \n              <\/div>\n           <\/div>\n                            \n<style>\n#text-box-505999919 {\n  width: 60%;\n}\n#text-box-505999919 .text-box-content {\n  font-size: 100%;\n}\n@media (min-width:550px) {\n  #text-box-505999919 {\n    width: 60%;\n  }\n}\n<\/style>\n    <\/div>\n \n        <\/div>\n      <\/div>\n\n            \n<style>\n#banner-42859223 {\n  padding-top: 300px;\n  background-color: rgb(36, 38, 42);\n}\n#banner-42859223 .banner-bg img {\n  object-position: 51% 54%;\n}\n@media (min-width:550px) {\n  #banner-42859223 {\n    padding-top: 500px;\n  }\n}\n@media (min-width:850px) {\n  #banner-42859223 {\n    padding-top: 700px;\n  }\n}\n<\/style>\n  <\/div>\n\n\n\t\t<\/div>\n\t\t\t\t\t<\/div>\n\n\t\n<\/div>\n<div class=\"is-divider divider clearfix\" ><\/div>\n\n\t\t<\/div>\n\n\t\t\n<style>\n#section_495865684 {\n  padding-top: 0px;\n  padding-bottom: 0px;\n  background-color: rgb(255,255,255);\n}\n<\/style>\n\t<\/section>\n\t\n\n\t<section class=\"section dark\" id=\"section_1809761613\">\n\t\t<div class=\"section-bg fill\" >\n\t\t\t\t\t\t\t\t\t\n\t\t\t\n\n\t\t<\/div>\n\n\t\t\n\n\t\t<div class=\"section-content relative\">\n\t\t\t\n<div class=\"row\"  id=\"row-272635490\">\n\n\t<div id=\"col-141151180\" class=\"col small-12 large-12\"  >\n\t\t\t\t<div class=\"col-inner text-center\"  >\n\t\t\t\n\t\t\t\n\t<div id=\"gap-2015729559\" class=\"gap-element clearfix\" style=\"display:block; height:auto;\">\n\t\t\n<style>\n#gap-2015729559 {\n  padding-top: 35px;\n}\n<\/style>\n\t<\/div>\n\t\n<div class=\"is-divider divider clearfix\" style=\"max-width:100px;height:4px;background-color:rgb(255, 255, 255);\"><\/div>\n\t<div id=\"text-1997329978\" class=\"text\">\n\t\t\n<h2 class=\"uppercase\">Contacta con Taberna La Cepa<\/h2>\n\t\t\n<style>\n#text-1997329978 {\n  font-size: 2rem;\n  text-align: center;\n}\n@media (min-width:550px) {\n  #text-1997329978 {\n    font-size: 1.5rem;\n  }\n}\n<\/style>\n\t<\/div>\n\t\n\t\t<\/div>\n\t\t\t\t\t<\/div>\n\n\t\n<\/div>\n<div class=\"row row-large\" style=\"max-width:1300px\" id=\"row-708079346\">\n\n\t<div id=\"col-1636141651\" class=\"col medium-4 small-12 large-4\"  >\n\t\t\t\t<div class=\"col-inner text-center\"  >\n\t\t\t\n\t\t\t\n\n\t\t<div class=\"icon-box featured-box icon-box-top text-left\"  >\n\t\t\t\t<div class=\"icon-box-text last-reset\">\n\t\t\t\t\t\t\t\t\t\n\t<div id=\"text-1868097961\" class=\"text\">\n\t\t\n<h3>info@lageria.com<\/h3>\n\t\t\n<style>\n#text-1868097961 {\n  font-size: 1.5rem;\n  text-align: center;\n}\n@media (min-width:550px) {\n  #text-1868097961 {\n    font-size: 1.25rem;\n  }\n}\n<\/style>\n\t<\/div>\n\t\n\t\t<\/div>\n\t<\/div>\n\t\n\t\n\t\t<\/div>\n\t\t\t\t\t<\/div>\n\n\t\n\n\t<div id=\"col-1155422281\" class=\"col medium-4 small-12 large-4\"  >\n\t\t\t\t<div class=\"col-inner text-center\"  >\n\t\t\t\n\t\t\t\n\n\t\t<div class=\"icon-box featured-box icon-box-top text-left\"  >\n\t\t\t\t<div class=\"icon-box-text last-reset\">\n\t\t\t\t\t\t\t\t\t\n\t<div id=\"text-865078484\" class=\"text\">\n\t\t\n<h3>Ctra de la Geria Km. 19, 35570 La Geria, Lanzarote Espa\u00f1a<\/h3>\n\t\t\n<style>\n#text-865078484 {\n  font-size: 1.5rem;\n  text-align: center;\n}\n@media (min-width:550px) {\n  #text-865078484 {\n    font-size: 1.25rem;\n  }\n}\n<\/style>\n\t<\/div>\n\t\n\t\t<\/div>\n\t<\/div>\n\t\n\t\n\t\t<\/div>\n\t\t\t\t\t<\/div>\n\n\t\n\n\t<div id=\"col-582955082\" class=\"col medium-4 small-12 large-4\"  >\n\t\t\t\t<div class=\"col-inner text-center\"  >\n\t\t\t\n\t\t\t\n\n\t\t<div class=\"icon-box featured-box icon-box-top text-left\"  >\n\t\t\t\t<div class=\"icon-box-text last-reset\">\n\t\t\t\t\t\t\t\t\t\n\t<div id=\"text-2386602439\" class=\"text\">\n\t\t\n<h3>828 180 501<\/h3>\n\t\t\n<style>\n#text-2386602439 {\n  font-size: 1.5rem;\n  text-align: center;\n}\n@media (min-width:550px) {\n  #text-2386602439 {\n    font-size: 1.25rem;\n  }\n}\n<\/style>\n\t<\/div>\n\t\n\t\t<\/div>\n\t<\/div>\n\t\n\t\n\t\t<\/div>\n\t\t\t\t\t<\/div>\n\n\t\n<\/div>\n\t\t<\/div>\n\n\t\t\n<style>\n#section_1809761613 {\n  padding-top: 50px;\n  padding-bottom: 50px;\n  background-color: #dd3333;\n}\n<\/style>\n\t<\/section>\n\t\n","protected":false},"excerpt":{"rendered":"","protected":false},"author":1,"featured_media":0,"parent":0,"menu_order":0,"comment_status":"closed","ping_status":"closed","template":"","meta":{"footnotes":""},"class_list":["post-240480","page","type-page","status-publish","hentry"],"_links":{"self":[{"href":"https:\/\/www.lageria.com\/de\/wp-json\/wp\/v2\/pages\/240480","targetHints":{"allow":["GET"]}}],"collection":[{"href":"https:\/\/www.lageria.com\/de\/wp-json\/wp\/v2\/pages"}],"about":[{"href":"https:\/\/www.lageria.com\/de\/wp-json\/wp\/v2\/types\/page"}],"author":[{"embeddable":true,"href":"https:\/\/www.lageria.com\/de\/wp-json\/wp\/v2\/users\/1"}],"replies":[{"embeddable":true,"href":"https:\/\/www.lageria.com\/de\/wp-json\/wp\/v2\/comments?post=240480"}],"version-history":[{"count":1,"href":"https:\/\/www.lageria.com\/de\/wp-json\/wp\/v2\/pages\/240480\/revisions"}],"predecessor-version":[{"id":240481,"href":"https:\/\/www.lageria.com\/de\/wp-json\/wp\/v2\/pages\/240480\/revisions\/240481"}],"wp:attachment":[{"href":"https:\/\/www.lageria.com\/de\/wp-json\/wp\/v2\/media?parent=240480"}],"curies":[{"name":"wp","href":"https:\/\/api.w.org\/{rel}","templated":true}]}}