{"id":240343,"date":"2024-09-30T15:42:57","date_gmt":"2024-09-30T14:42:57","guid":{"rendered":"https:\/\/www.lageria.com\/visitas-guiadas\/"},"modified":"2026-04-09T20:04:39","modified_gmt":"2026-04-09T19:04:39","slug":"visitas-guiadas","status":"publish","type":"page","link":"https:\/\/www.lageria.com\/de\/visitas-guiadas\/","title":{"rendered":"Visitas Guiadas"},"content":{"rendered":"\n\t<section class=\"section has-parallax\" id=\"section_720565332\">\n\t\t<div class=\"section-bg fill\" data-parallax-container=\".section\" data-parallax-background data-parallax=\"-7\">\n\t\t\t<img loading=\"lazy\" decoding=\"async\" width=\"1800\" height=\"1251\" src=\"https:\/\/www.lageria.com\/wp-content\/uploads\/2025\/10\/Bodega-interior-05.jpeg\" class=\"bg attachment- size-\" alt=\"\" \/>\t\t\t\t\t\t\n\t\t\t\n\n\t\t<\/div>\n\n\t\t\n\n\t\t<div class=\"section-content relative\">\n\t\t\t\n\t\t<\/div>\n\n\t\t\n<style>\n#section_720565332 {\n  padding-top: 30px;\n  padding-bottom: 30px;\n  min-height: 300px;\n}\n@media (min-width:550px) {\n  #section_720565332 {\n    min-height: 350px;\n  }\n}\n@media (min-width:850px) {\n  #section_720565332 {\n    min-height: 200px;\n  }\n}\n<\/style>\n\t<\/section>\n\t\n\n\t<section class=\"section\" id=\"section_1782782959\">\n\t\t<div class=\"section-bg fill\" >\n\t\t\t\t\t\t\t\t\t\n\t\t\t\n\n\t\t<\/div>\n\n\t\t\n\n\t\t<div class=\"section-content relative\">\n\t\t\t\n<div class=\"row\" style=\"max-width:1200px\" id=\"row-730414799\">\n\n\t<div id=\"col-2046216509\" class=\"col small-12 large-12\"  >\n\t\t\t\t<div class=\"col-inner text-left\" style=\"background-color:rgb(255, 255, 255);\" >\n\t\t\t\n\t\t\t\n<div class=\"row align-right\" style=\"max-width:1200px\" id=\"row-1741313252\">\n\n\t<div id=\"col-1290526684\" class=\"col medium-12 small-12 large-6\"  >\n\t\t\t\t<div class=\"col-inner\"  >\n\t\t\t\n\t\t\t\n<h6>Gef\u00fchrte Touren und Weinproben in La Geria<\/h6>\n\t<div id=\"text-164590605\" class=\"text\">\n\t\t\n<h2><strong>Entdecken Sie die faszinierende Weinherstellung inmitten einzigartiger Vulkanlandschaften.<\/strong><\/h2>\n\t\t\n<style>\n#text-164590605 {\n  font-size: 1rem;\n}\n<\/style>\n\t<\/div>\n\t\n\n  <div class=\"banner has-hover\" id=\"banner-469353576\">\n          <div class=\"banner-inner fill\">\n        <div class=\"banner-bg fill\" >\n            <img loading=\"lazy\" decoding=\"async\" width=\"1020\" height=\"591\" src=\"https:\/\/www.lageria.com\/wp-content\/uploads\/2019\/09\/MG_2515-1024x593.jpeg\" class=\"bg attachment-large size-large\" alt=\"\" \/>                                    \n                    <\/div>\n\t\t\n        <div class=\"banner-layers container\">\n            <div class=\"fill banner-link\"><\/div>            \n   <div id=\"text-box-1725121786\" class=\"text-box banner-layer x50 md-x50 lg-x50 y50 md-y50 lg-y50 res-text\">\n                                <div class=\"text-box-content text dark\">\n              \n              <div class=\"text-inner text-center\">\n                  \n              <\/div>\n           <\/div>\n                            \n<style>\n#text-box-1725121786 {\n  width: 60%;\n}\n#text-box-1725121786 .text-box-content {\n  font-size: 100%;\n}\n@media (min-width:550px) {\n  #text-box-1725121786 {\n    width: 60%;\n  }\n}\n<\/style>\n    <\/div>\n \n        <\/div>\n      <\/div>\n\n            \n<style>\n#banner-469353576 {\n  padding-top: 300px;\n  background-color: rgb(255, 255, 255);\n}\n#banner-469353576 .banner-bg img {\n  object-position: 24% 99%;\n}\n@media (min-width:550px) {\n  #banner-469353576 {\n    padding-top: 400px;\n  }\n}\n@media (min-width:850px) {\n  #banner-469353576 {\n    padding-top: 175px;\n  }\n}\n<\/style>\n  <\/div>\n\n\n<p>Tauchen Sie ein in die Weintradition von La Geria mit unseren gef\u00fchrten Touren und Weinproben. Erkunden Sie die vulkanischen Weinberge, die der Insel Lanzarote weltweiten Ruhm eingebracht haben, lernen Sie Anbautechniken aus erster Hand kennen und entdecken Sie das Geheimnis des ber\u00fchmten Malvasia-Weins. W\u00e4hrend der Tour genie\u00dfen Sie exklusive Verkostungen, die Ihre Sinne wecken werden, inmitten einer atemberaubenden Naturkulisse. Ein unvergessliches Erlebnis f\u00fcr Wein- und Naturliebhaber!<\/p>\n\t\t<\/div>\n\t\t\t\t\n<style>\n#col-1290526684 > .col-inner {\n  padding: 10px 30px 0px 30px;\n}\n@media (min-width:550px) {\n  #col-1290526684 > .col-inner {\n    padding: 0 50px 20px 50px;\n  }\n}\n@media (min-width:850px) {\n  #col-1290526684 > .col-inner {\n    padding: 5px 5px 5px 5px;\n  }\n}\n<\/style>\n\t<\/div>\n\n\t\n\n\t<div id=\"col-1904504243\" class=\"col medium-12 small-12 large-6 medium-col-first\"  >\n\t\t\t\t<div class=\"col-inner\"  >\n\t\t\t\n\t\t\t\n<h2><strong> SPRACHEN<\/strong><\/h2>\n\n<div class=\"latepoint-book-form-wrapper os-loading os_init_booking_form\" id=\"latepointBookForm_69e0fb41f318b\" data-selected-location=\"1\" data-selected-agent=\"4\" data-hide-side-panel=\"yes\" data-hide-summary=\"yes\" >\n\t\t\t\t\t\t<div class=\"latepoint-w latepoint-inline-form latepoint-hide-side-panel\">\n\t\t\t\t\t\t\t<div class=\"latepoint-booking-form-element\">\n\t\t\t\t\t\t\t\t<div class=\"latepoint-side-panel\"><\/div>\n\t\t\t\t\t\t\t\t<div class=\"latepoint-form-w\"><\/div>\n\t\t\t\t\t\t\t<\/div>\n\t\t\t\t\t\t<\/div>\n\t\t\t\t\t<\/div>\n\n\t\t<\/div>\n\t\t\t\t\n<style>\n#col-1904504243 > .col-inner {\n  padding: 20px 20px 10px 20px;\n}\n@media (min-width:550px) {\n  #col-1904504243 > .col-inner {\n    padding: 50px 50px 0 50px;\n  }\n}\n@media (min-width:850px) {\n  #col-1904504243 > .col-inner {\n    padding: 50px 50px 20px 0px;\n  }\n}\n<\/style>\n\t<\/div>\n\n\t\n\n<style>\n#row-1741313252 > .col > .col-inner {\n  padding: 25px 0px 0px 0px;\n}\n<\/style>\n<\/div>\n\t\t<\/div>\n\t\t\t\t\n<style>\n#col-2046216509 > .col-inner {\n  padding: 15px 15px 15px 15px;\n  margin: -100px 0px 0px 0px;\n}\n@media (min-width:550px) {\n  #col-2046216509 > .col-inner {\n    margin: 0px 0px 0px 0px;\n  }\n}\n<\/style>\n\t<\/div>\n\n\t\n<\/div>\n\t\t<\/div>\n\n\t\t\n<style>\n#section_1782782959 {\n  padding-top: 30px;\n  padding-bottom: 30px;\n  background-color: rgb(237, 233, 227);\n}\n<\/style>\n\t<\/section>\n\t\n\n\t<section class=\"section\" id=\"section_1129296883\">\n\t\t<div class=\"section-bg fill\" >\n\t\t\t\t\t\t\t\t\t\n\t\t\t\n\n\t\t<\/div>\n\n\t\t\n\n\t\t<div class=\"section-content relative\">\n\t\t\t\n<div class=\"row\" style=\"max-width:1200px\" id=\"row-1978963136\">\n\n\t<div id=\"col-1331745475\" class=\"col small-12 large-12\"  >\n\t\t\t\t<div class=\"col-inner\"  >\n\t\t\t\n\t\t\t\n  <div class=\"banner-grid-wrapper\">\n  <div id=\"banner-grid-457324398\" class=\"banner-grid row row-grid row-xsmall row-full-width\" data-packery-options=\"\">\n                      \n<div class=\"col grid-col small-12 large-3 grid-col-2-3\" ><div class=\"col-inner\">\n\n  <div class=\"banner has-hover bg-glow\" id=\"banner-1875703954\">\n          <div class=\"banner-inner fill\">\n        <div class=\"banner-bg fill\" >\n                                                \n                    <\/div>\n\t\t\n        <div class=\"banner-layers container\">\n            <a class=\"fill\" href=\"#\"><div class=\"fill banner-link\"><\/div><\/a>            \n   <div id=\"text-box-226628763\" class=\"text-box banner-layer x50 md-x50 lg-x50 y50 md-y50 lg-y50 res-text\">\n                                <div class=\"text-box-content text dark\">\n              \n              <div class=\"text-inner text-center\">\n                  \n              <\/div>\n           <\/div>\n                            \n<style>\n#text-box-226628763 {\n  width: 60%;\n}\n#text-box-226628763 .text-box-content {\n  font-size: 100%;\n}\n@media (min-width:550px) {\n  #text-box-226628763 {\n    width: 60%;\n  }\n}\n<\/style>\n    <\/div>\n \n        <\/div>\n      <\/div>\n\n            \n<style>\n#banner-1875703954 {\n  padding-top: 300px;\n  background-color: rgb(237, 233, 227);\n}\n#banner-1875703954 .banner-bg img {\n  object-position: 42% 86%;\n}\n@media (min-width:850px) {\n  #banner-1875703954 {\n    padding-top: 500px;\n  }\n}\n<\/style>\n  <\/div>\n\n\n<\/div><\/div>\n<div class=\"col grid-col small-12 large-6 grid-col-1\" ><div class=\"col-inner\">\n\n  <div class=\"banner has-hover bg-glow\" id=\"banner-1464975138\">\n          <div class=\"banner-inner fill\">\n        <div class=\"banner-bg fill\" >\n                                                \n                    <\/div>\n\t\t\n        <div class=\"banner-layers container\">\n            <a class=\"fill\" href=\"#\"><div class=\"fill banner-link\"><\/div><\/a>            \n   <div id=\"text-box-147812669\" class=\"text-box banner-layer x50 md-x50 lg-x50 y50 md-y50 lg-y50 res-text\">\n                                <div class=\"text-box-content text dark\">\n              \n              <div class=\"text-inner text-center\">\n                  \n              <\/div>\n           <\/div>\n                            \n<style>\n#text-box-147812669 {\n  width: 60%;\n}\n#text-box-147812669 .text-box-content {\n  font-size: 100%;\n}\n@media (min-width:550px) {\n  #text-box-147812669 {\n    width: 60%;\n  }\n}\n<\/style>\n    <\/div>\n \n        <\/div>\n      <\/div>\n\n            \n<style>\n#banner-1464975138 {\n  padding-top: 400px;\n  background-color: rgb(237, 233, 227);\n}\n@media (min-width:850px) {\n  #banner-1464975138 {\n    padding-top: 500px;\n  }\n}\n<\/style>\n  <\/div>\n\n\n<\/div><\/div>\n<div class=\"col grid-col small-12 large-3 grid-col-1-3\" ><div class=\"col-inner\">\n\n  <div class=\"banner has-hover bg-glow\" id=\"banner-2131375142\">\n          <div class=\"banner-inner fill\">\n        <div class=\"banner-bg fill\" >\n                                                \n                    <\/div>\n\t\t\n        <div class=\"banner-layers container\">\n            <a class=\"fill\" href=\"#\"><div class=\"fill banner-link\"><\/div><\/a>            \n   <div id=\"text-box-891931529\" class=\"text-box banner-layer x50 md-x50 lg-x50 y50 md-y50 lg-y50 res-text\">\n                                <div class=\"text-box-content text dark\">\n              \n              <div class=\"text-inner text-center\">\n                  \n              <\/div>\n           <\/div>\n                            \n<style>\n#text-box-891931529 {\n  width: 60%;\n}\n#text-box-891931529 .text-box-content {\n  font-size: 100%;\n}\n@media (min-width:550px) {\n  #text-box-891931529 {\n    width: 60%;\n  }\n}\n<\/style>\n    <\/div>\n \n        <\/div>\n      <\/div>\n\n            \n<style>\n#banner-2131375142 {\n  padding-top: 300px;\n  background-color: rgb(237, 233, 227);\n}\n#banner-2131375142 .banner-bg img {\n  object-position: 42% 86%;\n}\n@media (min-width:850px) {\n  #banner-2131375142 {\n    padding-top: 500px;\n  }\n}\n<\/style>\n  <\/div>\n\n\n<\/div><\/div>\n<div class=\"col grid-col small-12 large-3 grid-col-2-3\" ><div class=\"col-inner\">\n\n  <div class=\"banner has-hover bg-glow\" id=\"banner-1113592001\">\n          <div class=\"banner-inner fill\">\n        <div class=\"banner-bg fill\" >\n                                                \n                    <\/div>\n\t\t\n        <div class=\"banner-layers container\">\n            <a class=\"fill\" href=\"#\"><div class=\"fill banner-link\"><\/div><\/a>            \n   <div id=\"text-box-1996775362\" class=\"text-box banner-layer x50 md-x50 lg-x50 y50 md-y50 lg-y50 res-text\">\n                                <div class=\"text-box-content text dark\">\n              \n              <div class=\"text-inner text-center\">\n                  \n              <\/div>\n           <\/div>\n                            \n<style>\n#text-box-1996775362 {\n  width: 60%;\n}\n#text-box-1996775362 .text-box-content {\n  font-size: 100%;\n}\n@media (min-width:550px) {\n  #text-box-1996775362 {\n    width: 60%;\n  }\n}\n<\/style>\n    <\/div>\n \n        <\/div>\n      <\/div>\n\n            \n<style>\n#banner-1113592001 {\n  padding-top: 300px;\n  background-color: rgb(237, 233, 227);\n}\n#banner-1113592001 .banner-bg img {\n  object-position: 90% 96%;\n}\n@media (min-width:850px) {\n  #banner-1113592001 {\n    padding-top: 500px;\n  }\n}\n<\/style>\n  <\/div>\n\n\n<\/div><\/div>\n<div class=\"col grid-col small-12 large-3 grid-col-1-3\" ><div class=\"col-inner\">\n\n  <div class=\"banner has-hover bg-glow\" id=\"banner-1050335058\">\n          <div class=\"banner-inner fill\">\n        <div class=\"banner-bg fill\" >\n                                                \n                    <\/div>\n\t\t\n        <div class=\"banner-layers container\">\n            <a class=\"fill\" href=\"#\"><div class=\"fill banner-link\"><\/div><\/a>            \n   <div id=\"text-box-676818903\" class=\"text-box banner-layer x50 md-x50 lg-x50 y50 md-y50 lg-y50 res-text\">\n                                <div class=\"text-box-content text dark\">\n              \n              <div class=\"text-inner text-center\">\n                  \n              <\/div>\n           <\/div>\n                            \n<style>\n#text-box-676818903 {\n  width: 60%;\n}\n#text-box-676818903 .text-box-content {\n  font-size: 100%;\n}\n@media (min-width:550px) {\n  #text-box-676818903 {\n    width: 60%;\n  }\n}\n<\/style>\n    <\/div>\n \n        <\/div>\n      <\/div>\n\n            \n<style>\n#banner-1050335058 {\n  padding-top: 300px;\n  background-color: rgb(237, 233, 227);\n}\n#banner-1050335058 .banner-bg img {\n  object-position: 100% 43%;\n}\n@media (min-width:850px) {\n  #banner-1050335058 {\n    padding-top: 500px;\n  }\n}\n<\/style>\n  <\/div>\n\n\n<\/div><\/div>\n            <\/div>\n    <style>\n    #banner-grid-457324398 .grid-col-1{height: 561px}\n    #banner-grid-457324398 .grid-col-1-2{height: 280.5px}\n    #banner-grid-457324398 .grid-col-1-3{height:187px}\n    #banner-grid-457324398 .grid-col-2-3{height: 374px}\n    #banner-grid-457324398 .grid-col-1-4{height: 140.25px}\n    #banner-grid-457324398 .grid-col-3-4{height: 420.75px}\n\n\n        \/* Tablet *\/\n    @media (max-width: 850px){\n      #banner-grid-457324398 .grid-col-1{height: 373px}\n      #banner-grid-457324398 .grid-col-1-2{height: 186.5px}\n      #banner-grid-457324398 .grid-col-1-3{height:124.33333333333px}\n      #banner-grid-457324398 .grid-col-2-3{height: 248.66666666667px}\n      #banner-grid-457324398 .grid-col-1-4{height: 93.25px}\n      #banner-grid-457324398 .grid-col-3-4{height: 279.75px}\n    }\n    \n    \n\n  <\/style>\n    <\/div>\n  \n\t\t<\/div>\n\t\t\t\t\t<\/div>\n\n\t\n<\/div>\n\t<div id=\"gap-820906837\" class=\"gap-element clearfix\" style=\"display:block; height:auto;\">\n\t\t\n<style>\n#gap-820906837 {\n  padding-top: 40px;\n}\n@media (min-width:850px) {\n  #gap-820906837 {\n    padding-top: 80px;\n  }\n}\n<\/style>\n\t<\/div>\n\t\n\t\t<\/div>\n\n\t\t\n<style>\n#section_1129296883 {\n  padding-top: 30px;\n  padding-bottom: 30px;\n  background-color: rgb(237, 233, 227);\n}\n<\/style>\n\t<\/section>\n\t\n\n\t<section class=\"section\" id=\"section_1987069467\">\n\t\t<div class=\"section-bg fill\" >\n\t\t\t\t\t\t\t\t\t\n\t\t\t\n\n\t\t<\/div>\n\n\t\t\n\n\t\t<div class=\"section-content relative\">\n\t\t\t\n\t<div id=\"gap-787932356\" class=\"gap-element clearfix\" style=\"display:block; height:auto;\">\n\t\t\n<style>\n#gap-787932356 {\n  padding-top: 30px;\n}\n<\/style>\n\t<\/div>\n\t\n<div class=\"row\" style=\"max-width:1200px\" id=\"row-1677201538\">\n\n\t<div id=\"col-157133031\" class=\"col small-12 large-12\"  >\n\t\t\t\t<div class=\"col-inner text-center\"  >\n\t\t\t\n\t\t\t\n\t<div id=\"gap-462592146\" class=\"gap-element clearfix\" style=\"display:block; height:auto;\">\n\t\t\n<style>\n#gap-462592146 {\n  padding-top: 15px;\n}\n<\/style>\n\t<\/div>\n\t\n\t<div id=\"text-366314068\" class=\"text\">\n\t\t\n<h6> Kontakt <\/h6>\n\t\t\n<style>\n#text-366314068 {\n  text-align: center;\n}\n<\/style>\n\t<\/div>\n\t\n\t<div id=\"text-955836489\" class=\"text\">\n\t\t\n<h2>Haben Sie Fragen?<\/h2>\n<p>+34 928 173 178 \/ +34 928 659 235<\/p>\n<p>bodega@lageria.com<br \/>\n\t\t\n<style>\n#text-955836489 {\n  font-size: 1.75rem;\n  text-align: center;\n}\n<\/style>\n\t<\/div>\n\t\n<a href=\"tel:928173178\" class=\"button alert\" style=\"border-radius:30px;padding:5px 30px 5px 30px;\">\n\t\t<span>Kontaktieren Sie uns<\/span>\n\t<i class=\"icon-phone\" aria-hidden=\"true\"><\/i><\/a>\n\n\t\t<\/div>\n\t\t\t\t\n<style>\n#col-157133031 > .col-inner {\n  padding: 50px 50px 50px 50px;\n}\n<\/style>\n\t<\/div>\n\n\t\n\n<style>\n#row-1677201538 > .col > .col-inner {\n  background-color: rgb(255, 255, 255);\n}\n<\/style>\n<\/div>\n\t\t<\/div>\n\n\t\t\n<style>\n#section_1987069467 {\n  padding-top: 30px;\n  padding-bottom: 30px;\n  min-height: 400px;\n}\n#section_1987069467 .section-bg img {\n  object-position: 74% 51%;\n}\n<\/style>\n\t<\/section>\n\t\n","protected":false},"excerpt":{"rendered":"","protected":false},"author":1,"featured_media":0,"parent":0,"menu_order":0,"comment_status":"closed","ping_status":"closed","template":"page-blank.php","meta":{"footnotes":""},"class_list":["post-240343","page","type-page","status-publish","hentry"],"_links":{"self":[{"href":"https:\/\/www.lageria.com\/de\/wp-json\/wp\/v2\/pages\/240343","targetHints":{"allow":["GET"]}}],"collection":[{"href":"https:\/\/www.lageria.com\/de\/wp-json\/wp\/v2\/pages"}],"about":[{"href":"https:\/\/www.lageria.com\/de\/wp-json\/wp\/v2\/types\/page"}],"author":[{"embeddable":true,"href":"https:\/\/www.lageria.com\/de\/wp-json\/wp\/v2\/users\/1"}],"replies":[{"embeddable":true,"href":"https:\/\/www.lageria.com\/de\/wp-json\/wp\/v2\/comments?post=240343"}],"version-history":[{"count":15,"href":"https:\/\/www.lageria.com\/de\/wp-json\/wp\/v2\/pages\/240343\/revisions"}],"predecessor-version":[{"id":240408,"href":"https:\/\/www.lageria.com\/de\/wp-json\/wp\/v2\/pages\/240343\/revisions\/240408"}],"wp:attachment":[{"href":"https:\/\/www.lageria.com\/de\/wp-json\/wp\/v2\/media?parent=240343"}],"curies":[{"name":"wp","href":"https:\/\/api.w.org\/{rel}","templated":true}]}}